{"id":665,"date":"2024-08-05T10:11:28","date_gmt":"2024-08-05T10:11:28","guid":{"rendered":"https:\/\/nmctarim.com\/?post_type=product&#038;p=665"},"modified":"2025-04-26T12:09:03","modified_gmt":"2025-04-26T12:09:03","slug":"meyve-agaclari-sulama-sistemi","status":"publish","type":"product","link":"https:\/\/www.nmctarim.com\/index.php\/product\/meyve-agaclari-sulama-sistemi\/","title":{"rendered":"Meyve A\u011fa\u00e7lar\u0131 Sulama Sistemi"},"content":{"rendered":"<p>Meyve A\u011fa\u00e7lar\u0131 Sulama Sistemleri<\/p>\n<p>Bah\u00e7ede yeti\u015ftirilebilecek bitki t\u00fcrleri, meyve a\u011fa\u00e7lar\u0131ndan sebzelere, s\u00fcs bitkilerinden otlara kadar geni\u015f bir yelpazede olabilir. \u0130\u015fte baz\u0131 yayg\u0131n t\u00fcrler:<\/p>\n<p>### Meyve A\u011fa\u00e7lar\u0131<br \/>\n1. **Elma (Malus domestica)**<br \/>\n2. **Armut (Pyrus)**<br \/>\n3. **\u015eeftali (Prunus persica)**<br \/>\n4. **Erik (Prunus domestica)**<br \/>\n5. **Vi\u015fne (Prunus cerasus)**<br \/>\n6. **Kay\u0131s\u0131 (Prunus armeniaca)**<\/p>\n<p>### Sebzeler<br \/>\n1. **Domates (Solanum lycopersicum)**<br \/>\n2. **Biber (Capsicum)**<br \/>\n3. **Salatal\u0131k (Cucumis sativus)**<br \/>\n4. **Patl\u0131can (Solanum melongena)**<br \/>\n5. **Marul (Lactuca sativa)**<br \/>\n6. **Havu\u00e7 (Daucus carota)**<\/p>\n<p>### Otlar ve Baharatlar<br \/>\n1. **Nane (Mentha)**<br \/>\n2. **Reyhan (Ocimum basilicum)**<br \/>\n3. **Maydanoz (Petroselinum crispum)**<br \/>\n4. **Kekik (Thymus)**<br \/>\n5. **Biberiye (Rosmarinus officinalis)**<\/p>\n<p>### \u00c7i\u00e7ekler ve S\u00fcs Bitkileri<br \/>\n1. **G\u00fcl (Rosa)**<br \/>\n2. **Lale (Tulipa)**<br \/>\n3. **Orkide (Orchidaceae)**<br \/>\n4. **Papatya (Matricaria chamomilla)**<br \/>\n5. **Menek\u015fe (Viola)**<\/p>\n<p>### \u00c7al\u0131lar ve Sarma\u015f\u0131klar<br \/>\n1. **Ortanca (Hydrangea)**<br \/>\n2. **G\u00fcll\u00fc sarma\u015f\u0131k (Rosa spp.)**<br \/>\n3. **Han\u0131meli (Lonicera)**<br \/>\n4. **Lavanta (Lavandula)**<\/p>\n<p>### K\u0131\u015f Bah\u00e7esi Bitkileri<br \/>\n1. **Brokoli (Brassica oleracea)**<br \/>\n2. **Ispanak (Spinacia oleracea)**<br \/>\n3. **P\u0131rasa (Allium porrum)**<br \/>\n4. **Karnabahar (Brassica oleracea)**<\/p>\n<p>Bu bitkiler, uygun bak\u0131m ve do\u011fru \u00e7evre ko\u015fullar\u0131 sa\u011fland\u0131\u011f\u0131nda, bah\u00e7enizde ba\u015far\u0131l\u0131 bir \u015fekilde yeti\u015ftirilebilir. Bah\u00e7enizin iklimine ve toprak ko\u015fullar\u0131na g\u00f6re bitki se\u00e7imi yapmak \u00f6nemlidir.<\/p>\n","protected":false},"excerpt":{"rendered":"<p>Meyve A\u011fa\u00e7lar\u0131 Sulama Sistemleri Bah\u00e7ede yeti\u015ftirilebilecek bitki t\u00fcrleri, meyve a\u011fa\u00e7lar\u0131ndan sebzelere, s\u00fcs bitkilerinden otlara kadar geni\u015f bir yelpazede olabilir. \u0130\u015fte baz\u0131 yayg\u0131n t\u00fcrler: ### Meyve A\u011fa\u00e7lar\u0131 1. **Elma (Malus domestica)** 2. **Armut (Pyrus)** 3. **\u015eeftali (Prunus persica)** 4. **Erik (Prunus domestica)** 5. **Vi\u015fne (Prunus cerasus)** 6. **Kay\u0131s\u0131 (Prunus armeniaca)** ### Sebzeler 1. **Domates (Solanum lycopersicum)**..<\/p>\n","protected":false},"featured_media":479,"comment_status":"open","ping_status":"closed","template":"","meta":{"om_disable_all_campaigns":false,"_monsterinsights_skip_tracking":false,"_monsterinsights_sitenote_active":false,"_monsterinsights_sitenote_note":"","_monsterinsights_sitenote_category":0,"jetpack_publicize_message":"","jetpack_publicize_feature_enabled":true,"jetpack_social_post_already_shared":true,"jetpack_social_options":{"image_generator_settings":{"template":"highway","default_image_id":0,"font":"","enabled":false},"version":2}},"product_brand":[],"product_cat":[36],"product_tag":[337,333,334,339,340,82,161],"class_list":{"0":"post-665","1":"product","2":"type-product","3":"status-publish","4":"has-post-thumbnail","6":"product_cat-bahce-sulama","7":"product_tag-akilli-bahce-sulama","8":"product_tag-bahce-sulama","9":"product_tag-bahce-sulama-sistemleri","10":"product_tag-meyve-agaclari-sulama","11":"product_tag-meyve-bahceleri-sulama-sistemi","12":"product_tag-netafim-sulama","13":"product_tag-netafim-sulama-otomasyonu","15":"first","16":"instock","17":"shipping-taxable","18":"purchasable","19":"product-type-simple"},"aioseo_notices":[],"jetpack_publicize_connections":[],"jetpack_sharing_enabled":true,"_links":{"self":[{"href":"https:\/\/www.nmctarim.com\/index.php\/wp-json\/wp\/v2\/product\/665","targetHints":{"allow":["GET"]}}],"collection":[{"href":"https:\/\/www.nmctarim.com\/index.php\/wp-json\/wp\/v2\/product"}],"about":[{"href":"https:\/\/www.nmctarim.com\/index.php\/wp-json\/wp\/v2\/types\/product"}],"replies":[{"embeddable":true,"href":"https:\/\/www.nmctarim.com\/index.php\/wp-json\/wp\/v2\/comments?post=665"}],"wp:featuredmedia":[{"embeddable":true,"href":"https:\/\/www.nmctarim.com\/index.php\/wp-json\/wp\/v2\/media\/479"}],"wp:attachment":[{"href":"https:\/\/www.nmctarim.com\/index.php\/wp-json\/wp\/v2\/media?parent=665"}],"wp:term":[{"taxonomy":"product_brand","embeddable":true,"href":"https:\/\/www.nmctarim.com\/index.php\/wp-json\/wp\/v2\/product_brand?post=665"},{"taxonomy":"product_cat","embeddable":true,"href":"https:\/\/www.nmctarim.com\/index.php\/wp-json\/wp\/v2\/product_cat?post=665"},{"taxonomy":"product_tag","embeddable":true,"href":"https:\/\/www.nmctarim.com\/index.php\/wp-json\/wp\/v2\/product_tag?post=665"}],"curies":[{"name":"wp","href":"https:\/\/api.w.org\/{rel}","templated":true}]}}