{"id":631,"date":"2023-12-04T12:19:29","date_gmt":"2023-12-04T12:19:29","guid":{"rendered":"https:\/\/nmctarim.com\/?post_type=product&#038;p=631"},"modified":"2025-09-26T15:07:47","modified_gmt":"2025-09-26T15:07:47","slug":"netafim-fertikit-gubreleme-makinasi","status":"publish","type":"product","link":"https:\/\/www.nmctarim.com\/index.php\/product\/netafim-fertikit-gubreleme-makinasi\/","title":{"rendered":"Netafim Fertikit G\u00fcbreleme Makinas\u0131"},"content":{"rendered":"<h1>Netafim Fertikit G\u00fcbreleme Makinas\u0131<\/h1>\n<h1><strong>Fertikit\u2122 3G\u00a0<\/strong><\/h1>\n<h3><strong>Her \u015fey hassasiyetle ilgilidir; maliyetleri d\u00fc\u015f\u00fcr\u00fcrken verimi optimize edin.<\/strong><\/h3>\n<p>Besin dozaj\u0131n\u0131n kontrol\u00fcn\u00fc elinize al\u0131n ve kazanc\u0131n\u0131z\u0131 art\u0131r\u0131n!\u00a0Bu \u00e7ok y\u00f6nl\u00fc besin dozaj sistemiyle hem sudan hem de i\u015f g\u00fcc\u00fcnden tasarruf ederken daha y\u00fcksek verim elde edin.\u00a0Mahsulleriniz tam olarak ihtiya\u00e7 duyduklar\u0131 besinleri, tam olarak ihtiya\u00e7 duyduklar\u0131 anda alacakt\u0131r.\u00a0Fertikit\u2122 3G ile a\u011f k\u00fcmeslerinde, a\u00e7\u0131k tarlalarda ve meyve bah\u00e7elerinde toprakta yeti\u015ftirilen mahsullerin dozaj\u0131n\u0131 kontrol edersiniz.<\/p>\n<h2>Neden Fertikit 3G\u2122?<\/h2>\n<ul class=\"rich-text-list\">\n<li><b>Kontrol:<\/b>\u00a0Fertikit 3G, bitki beslenmesinin kontrol\u00fcn\u00fc size vererek hem mahsul verimini hem de kalitesini art\u0131r\u0131r.\u00a0Alt\u0131 ayr\u0131 dozaj kanal\u0131yla t\u00fcm bitki besleme program\u0131n\u0131z \u00fczerinde tam kontrole sahip olacaks\u0131n\u0131z.<\/li>\n<li><b>Mod\u00fcler Tasar\u0131m:<\/b>\u00a0Fertikit 3G&#8217;nin ak\u0131ll\u0131 mod\u00fcler \u00fcr\u00fcn yelpazesi ile yaln\u0131zca kulland\u0131\u011f\u0131n\u0131z \u00f6zellikler kadar \u00fccret \u00f6dersiniz, kulland\u0131k\u00e7a \u00f6zellikler ekleyebilirsiniz.<\/li>\n<li><b>\u00c7ok y\u00f6nl\u00fc:<\/b>\u00a0Her t\u00fcrl\u00fc tarla boyutuna ve \u00e7ok \u00e7e\u015fitli sulama sistemi kapasitelerine uyacak \u015fekilde entegre takviye pompas\u0131 olan veya olmayan yedi model aras\u0131ndan se\u00e7im yap\u0131n.<\/li>\n<li><b>Uygun Fiyatl\u0131<\/b>\u00a0: Minimum yat\u0131r\u0131m gerektirir ve h\u0131zl\u0131 bir yat\u0131r\u0131m getirisi sunar\u00a0<b>.<\/b><\/li>\n<li><b>\u0130yi Tasarlanm\u0131\u015f:<\/b>\u00a0Sistem, en iyi malzemeleri ve hareketli par\u00e7alar\u0131 olmayan sorunsuz enjekt\u00f6rleri i\u00e7erecek \u015fekilde uzun s\u00fcre dayanacak \u015fekilde tasarlanm\u0131\u015ft\u0131r.<\/li>\n<li><b>Uyarlanabilir:<\/b>\u00a0Mevcut herhangi bir \u00fc\u00e7\u00fcnc\u00fc taraf kontrol ve izleme sistemiyle uyumlu olup, hem saha sens\u00f6rlerine hem de harici veri kaynaklar\u0131na ba\u011flanarak sulama ve bitki besleme i\u015flemlerinizi uzaktan \u00e7al\u0131\u015ft\u0131rman\u0131za olanak tan\u0131r.<br \/>\n<h2>\u00d6zellikler<\/h2>\n<ul class=\"rich-text-list\">\n<li><b>Kapsaml\u0131<\/b>\u00a0: Her biri 50-1.000 l\/saatlik 6 adede kadar dozaj kanal\u0131 sunar)<\/li>\n<li><b>\u00d6l\u00e7eklenebilir<\/b>\u00a0: 5m3\/saatten 700m3\/saat&#8217;e kadar sistem ak\u0131\u015f h\u0131zlar\u0131na ve 8 bar bas\u0131nca kadar \u00f6l\u00e7eklenir<\/li>\n<li><b>Uyumlu<\/b>\u00a0\u00c7o\u011fu \u00fc\u00e7\u00fcnc\u00fc taraf kontrol ve izleme sistemiyle kolayca entegre olur<\/li>\n<li><b>G\u00fcvenilir:<\/b>\u00a0Al\u00fcminyumdan yap\u0131lm\u0131\u015f, ayarlanabilir ayakl\u0131, korozyona dayan\u0131kl\u0131 \u00e7er\u00e7eve<\/li>\n<li><b>\u00c7ok dilli<\/b>\u00a0aray\u00fcz<\/li>\n<\/ul>\n<\/li>\n<\/ul>\n","protected":false},"excerpt":{"rendered":"<h2 class=\"proSubName\">\u0130htiyac\u0131n\u0131za G\u00f6re Se\u00e7ebilece\u011finiz \u00d6zellikte Mevcuttur.<\/h2>\n","protected":false},"featured_media":632,"comment_status":"open","ping_status":"closed","template":"","meta":{"om_disable_all_campaigns":false,"_monsterinsights_skip_tracking":false,"_monsterinsights_sitenote_active":false,"_monsterinsights_sitenote_note":"","_monsterinsights_sitenote_category":0,"jetpack_publicize_message":"","jetpack_publicize_feature_enabled":true,"jetpack_social_post_already_shared":false,"jetpack_social_options":{"image_generator_settings":{"template":"highway","default_image_id":0,"font":"","enabled":false},"version":2}},"product_brand":[],"product_cat":[63],"product_tag":[65,310,110,312,307,306,311],"class_list":{"0":"post-631","1":"product","2":"type-product","3":"status-publish","4":"has-post-thumbnail","6":"product_cat-gubreleme-uniteleri","7":"product_tag-netafim","8":"product_tag-netafim-fertikit","9":"product_tag-netafim-fiyatlar","10":"product_tag-netafim-fiyatlari","11":"product_tag-netafim-gubreleme","12":"product_tag-netafim-gubreleme-makinasi","13":"product_tag-netafim-gubreleme-makinasi-fiyati","15":"first","16":"instock","17":"shipping-taxable","18":"purchasable","19":"product-type-simple"},"aioseo_notices":[],"jetpack_publicize_connections":[],"jetpack_sharing_enabled":true,"_links":{"self":[{"href":"https:\/\/www.nmctarim.com\/index.php\/wp-json\/wp\/v2\/product\/631","targetHints":{"allow":["GET"]}}],"collection":[{"href":"https:\/\/www.nmctarim.com\/index.php\/wp-json\/wp\/v2\/product"}],"about":[{"href":"https:\/\/www.nmctarim.com\/index.php\/wp-json\/wp\/v2\/types\/product"}],"replies":[{"embeddable":true,"href":"https:\/\/www.nmctarim.com\/index.php\/wp-json\/wp\/v2\/comments?post=631"}],"wp:featuredmedia":[{"embeddable":true,"href":"https:\/\/www.nmctarim.com\/index.php\/wp-json\/wp\/v2\/media\/632"}],"wp:attachment":[{"href":"https:\/\/www.nmctarim.com\/index.php\/wp-json\/wp\/v2\/media?parent=631"}],"wp:term":[{"taxonomy":"product_brand","embeddable":true,"href":"https:\/\/www.nmctarim.com\/index.php\/wp-json\/wp\/v2\/product_brand?post=631"},{"taxonomy":"product_cat","embeddable":true,"href":"https:\/\/www.nmctarim.com\/index.php\/wp-json\/wp\/v2\/product_cat?post=631"},{"taxonomy":"product_tag","embeddable":true,"href":"https:\/\/www.nmctarim.com\/index.php\/wp-json\/wp\/v2\/product_tag?post=631"}],"curies":[{"name":"wp","href":"https:\/\/api.w.org\/{rel}","templated":true}]}}