{"id":627,"date":"2023-12-04T12:04:22","date_gmt":"2023-12-04T12:04:22","guid":{"rendered":"https:\/\/nmctarim.com\/?post_type=product&#038;p=627"},"modified":"2025-09-26T15:07:47","modified_gmt":"2025-09-26T15:07:47","slug":"netafim-netajet-gubreleme-makinasi","status":"publish","type":"product","link":"https:\/\/www.nmctarim.com\/index.php\/product\/netafim-netajet-gubreleme-makinasi\/","title":{"rendered":"Netafim Netajet G\u00fcbreleme Makinas\u0131"},"content":{"rendered":"<h1>Netafim Netajet G\u00fcbreleme Makinas\u0131<\/h1>\n<h3><b>Asla m\u00fcmk\u00fcn oldu\u011funu d\u00fc\u015f\u00fcnmedi\u011finiz hassasiyet<\/b><\/h3>\n<p>Kontrol manyaklar\u0131n\u0131n durumu hi\u00e7 bu kadar iyi olmam\u0131\u015ft\u0131.\u00a0NetaJet 4G\u00a0<b>\u2122<\/b>\u00a0sekt\u00f6rdeki en y\u00fcksek d\u00fczeyde hassas g\u00fcbreleme sunar.\u00a0Ola\u011fan\u00fcst\u00fc derecede do\u011fru, tutarl\u0131 EC\/pH kontrol\u00fc sa\u011flayan benzersiz analog dozaj vanas\u0131yla NetaJet 4G\u00a0<b>\u2122<\/b>\u00a0, su, g\u00fcbre ve i\u015f\u00e7ilikten tasarruf ederken inan\u0131lmaz verimler \u00fcretir.<\/p>\n<h2>Neden NetaJet 4G\u2122?<\/h2>\n<ul class=\"rich-text-list\">\n<li><b>\u00dcretken:<\/b>\u00a0Hassas EC ve pH kontrol\u00fc sa\u011flayarak hem mahsul verimini hem de kalitesini art\u0131r\u0131r<\/li>\n<li><b>\u00dcniforma:<\/b>\u00a0A\u00e7\u0131k tankl\u0131 kar\u0131\u015ft\u0131rma odas\u0131, besin maddelerini e\u015fit miktarlarda ve oranlarda da\u011f\u0131t\u0131r<\/li>\n<li><b>Uygun maliyetli<\/b>\u00a0: Besinleri kar\u0131\u015ft\u0131rmak ve enjekte etmek i\u00e7in tek bir pompa kullan\u0131r, enerji t\u00fcketimini en aza indirirken i\u015f g\u00fcc\u00fc, su ve g\u00fcbreden tasarruf sa\u011flar<\/li>\n<li><b>\u00c7evre dostu:<\/b>\u00a0Toprak kirlili\u011fi seviyelerini azalt\u0131r<\/li>\n<li><b>Kararl\u0131:<\/b>\u00a0Sorunsuz, kararl\u0131 hidrolik \u00e7al\u0131\u015fma<\/li>\n<li><b>Sorunsuz<\/b>\u00a0: Kurulumu kolayd\u0131r ve hareketli par\u00e7a i\u00e7ermedi\u011finden neredeyse hi\u00e7 bak\u0131m gerektirmez<\/li>\n<li><b>H\u0131zl\u0131:<\/b>\u00a0EC\/pH ayar noktas\u0131na h\u0131zl\u0131 eri\u015fim.\u00a0K\u0131sa stabilizasyon s\u00fcresi ve Fertigasyon d\u00f6ng\u00fcleri.<\/li>\n<\/ul>\n<h2>\u00d6zellikler<\/h2>\n<ul class=\"rich-text-list\">\n<li><b>Hassas:<\/b>\u00a08 adet son derece hassas 50-600 l\/saat (13-156 gal\/saat) g\u00fcbre\/asit dozaj kanal\u0131 sa\u011flar<\/li>\n<li><b>Kapsaml\u0131:<\/b>\u00a08&#8217;e kadar dozaj kanal\u0131 \u00fcnitesi ve ak\u0131\u015f h\u0131z\u0131yla \u00e7al\u0131\u015f\u0131r<\/li>\n<li><b>\u00d6l\u00e7eklenebilir:<\/b>\u00a05 m3\/saatten 400 m3\/saat&#8217;e kadar sistem ak\u0131\u015f h\u0131zlar\u0131na ve 8 bar bas\u0131nca kadar \u00f6l\u00e7eklenir<\/li>\n<li><b>Mod\u00fcler:<\/b>\u00a0CE uyumlu dozaj sistemi \u00e7o\u011fu \u00fc\u00e7\u00fcnc\u00fc taraf kontrol ve izleme sistemiyle kolayca entegre olur<\/li>\n<li><b>Esnek<\/b>\u00a0: \u00c7ok \u00e7e\u015fitli uygulamalar\u0131 ve altyap\u0131 k\u0131s\u0131tlamalar\u0131n\u0131 kar\u015f\u0131lamak i\u00e7in \u00e7e\u015fitli sistem pompalar\u0131n\u0131, \u00e7evre birimlerini ve aksesuarlar\u0131n\u0131 bar\u0131nd\u0131r\u0131r<\/li>\n<li><b>Yayg\u0131n olarak uygulanabilir:<\/b>\u00a0topraktaki seradan \u00e7ok yo\u011fun topraks\u0131z ortama kadar t\u00fcm uygulamalar\u0131 kapsar<\/li>\n<li><b>\u00c7ok y\u00f6nl\u00fc: Ak\u0131\u015f kapasitesi 0,1 Ha ila 10 Ha aras\u0131nda de\u011fi\u015fir<\/b><\/li>\n<\/ul>\n","protected":false},"excerpt":{"rendered":"<h2 class=\"proSubName\">\u0130htiyac\u0131n\u0131za G\u00f6re Se\u00e7ebilece\u011finiz \u00d6zellikte Mevcuttur.<\/h2>\n","protected":false},"featured_media":630,"comment_status":"open","ping_status":"closed","template":"","meta":{"om_disable_all_campaigns":false,"_monsterinsights_skip_tracking":false,"_monsterinsights_sitenote_active":false,"_monsterinsights_sitenote_note":"","_monsterinsights_sitenote_category":0,"jetpack_publicize_message":"","jetpack_publicize_feature_enabled":true,"jetpack_social_post_already_shared":false,"jetpack_social_options":{"image_generator_settings":{"template":"highway","default_image_id":0,"font":"","enabled":false},"version":2}},"product_brand":[],"product_cat":[63],"product_tag":[65,307,306,309,308,304,305],"class_list":{"0":"post-627","1":"product","2":"type-product","3":"status-publish","4":"has-post-thumbnail","6":"product_cat-gubreleme-uniteleri","7":"product_tag-netafim","8":"product_tag-netafim-gubreleme","9":"product_tag-netafim-gubreleme-makinasi","10":"product_tag-netafim-gubreleme-sistemleri","11":"product_tag-netafim-gubreleme-unitesi","12":"product_tag-netafim-netajet","13":"product_tag-netajet-netafim","15":"first","16":"instock","17":"shipping-taxable","18":"purchasable","19":"product-type-simple"},"aioseo_notices":[],"jetpack_publicize_connections":[],"jetpack_sharing_enabled":true,"_links":{"self":[{"href":"https:\/\/www.nmctarim.com\/index.php\/wp-json\/wp\/v2\/product\/627","targetHints":{"allow":["GET"]}}],"collection":[{"href":"https:\/\/www.nmctarim.com\/index.php\/wp-json\/wp\/v2\/product"}],"about":[{"href":"https:\/\/www.nmctarim.com\/index.php\/wp-json\/wp\/v2\/types\/product"}],"replies":[{"embeddable":true,"href":"https:\/\/www.nmctarim.com\/index.php\/wp-json\/wp\/v2\/comments?post=627"}],"wp:featuredmedia":[{"embeddable":true,"href":"https:\/\/www.nmctarim.com\/index.php\/wp-json\/wp\/v2\/media\/630"}],"wp:attachment":[{"href":"https:\/\/www.nmctarim.com\/index.php\/wp-json\/wp\/v2\/media?parent=627"}],"wp:term":[{"taxonomy":"product_brand","embeddable":true,"href":"https:\/\/www.nmctarim.com\/index.php\/wp-json\/wp\/v2\/product_brand?post=627"},{"taxonomy":"product_cat","embeddable":true,"href":"https:\/\/www.nmctarim.com\/index.php\/wp-json\/wp\/v2\/product_cat?post=627"},{"taxonomy":"product_tag","embeddable":true,"href":"https:\/\/www.nmctarim.com\/index.php\/wp-json\/wp\/v2\/product_tag?post=627"}],"curies":[{"name":"wp","href":"https:\/\/api.w.org\/{rel}","templated":true}]}}