{"id":610,"date":"2023-11-17T09:25:11","date_gmt":"2023-11-17T09:25:11","guid":{"rendered":"https:\/\/nmctarim.com\/?post_type=product&#038;p=610"},"modified":"2023-11-17T09:30:14","modified_gmt":"2023-11-17T09:30:14","slug":"dikey-tam-otomatik-screenguard-filtreler","status":"publish","type":"product","link":"https:\/\/www.nmctarim.com\/index.php\/product\/dikey-tam-otomatik-screenguard-filtreler\/","title":{"rendered":"D\u0130KEY TAM OTOMAT\u0130K SCREENGUARD\u2122 F\u0130LTRELER"},"content":{"rendered":"<p>** Maksimum Bas\u0131n\u00e7: 10 bar.<br \/>\n** Ters y\u0131kama an\u0131nda minimum 2 bar bas\u0131n\u00e7 gereklidir. Yeterli bas\u0131n\u00e7 yok ise filtreden sonra bas\u0131n\u00e7 sabitleme\u00a0 \u00a0 \u00a0 \u00a0 \u00a0 \u00a0 vanas\u0131 tak\u0131lmas\u0131 \u00f6nerilir.<br \/>\n** Katalog numaras\u0131 verilen filtreler 130 Mikron Elek Filtrelerdir.<br \/>\n** 100 mikron ve 200 mikron elek filtreler i\u00e7in Netafim Nmc Tar\u0131m sat\u0131\u015f ekibi ile ileti\u015fime ge\u00e7iniz.<\/p>\n<p>&nbsp;<\/p>\n","protected":false},"excerpt":{"rendered":"<p>** Maksimum Bas\u0131n\u00e7: 10 bar. ** Ters y\u0131kama an\u0131nda minimum 2 bar bas\u0131n\u00e7 gereklidir. Yeterli bas\u0131n\u00e7 yok ise filtreden sonra bas\u0131n\u00e7 sabitleme\u00a0 \u00a0 \u00a0 \u00a0 \u00a0 \u00a0 vanas\u0131 tak\u0131lmas\u0131 \u00f6nerilir. ** Katalog numaras\u0131 verilen filtreler 130 Mikron Elek Filtrelerdir. ** 100 mikron ve 200 mikron elek filtreler i\u00e7in Netafim Nmc Tar\u0131m sat\u0131\u015f ekibi ile ileti\u015fime..<\/p>\n","protected":false},"featured_media":611,"comment_status":"open","ping_status":"closed","template":"","meta":{"om_disable_all_campaigns":false,"_monsterinsights_skip_tracking":false,"_monsterinsights_sitenote_active":false,"_monsterinsights_sitenote_note":"","_monsterinsights_sitenote_category":0,"jetpack_publicize_message":"","jetpack_publicize_feature_enabled":true,"jetpack_social_post_already_shared":false,"jetpack_social_options":{"image_generator_settings":{"template":"highway","default_image_id":0,"font":"","enabled":false},"version":2}},"product_brand":[],"product_cat":[281],"product_tag":[282,65,286,287,283,285,284],"class_list":{"0":"post-610","1":"product","2":"type-product","3":"status-publish","4":"has-post-thumbnail","6":"product_cat-filtreler","7":"product_tag-dikey-tam-otomatik-screenguard-filtreler","8":"product_tag-netafim","9":"product_tag-netafim-bayi","10":"product_tag-netafim-bayii","11":"product_tag-netafim-filtre","12":"product_tag-netafim-filtre-fiyat","13":"product_tag-netafim-filtre-fiyatlari","15":"first","16":"instock","17":"shipping-taxable","18":"purchasable","19":"product-type-simple"},"aioseo_notices":[],"jetpack_publicize_connections":[],"jetpack_sharing_enabled":true,"_links":{"self":[{"href":"https:\/\/www.nmctarim.com\/index.php\/wp-json\/wp\/v2\/product\/610","targetHints":{"allow":["GET"]}}],"collection":[{"href":"https:\/\/www.nmctarim.com\/index.php\/wp-json\/wp\/v2\/product"}],"about":[{"href":"https:\/\/www.nmctarim.com\/index.php\/wp-json\/wp\/v2\/types\/product"}],"replies":[{"embeddable":true,"href":"https:\/\/www.nmctarim.com\/index.php\/wp-json\/wp\/v2\/comments?post=610"}],"wp:featuredmedia":[{"embeddable":true,"href":"https:\/\/www.nmctarim.com\/index.php\/wp-json\/wp\/v2\/media\/611"}],"wp:attachment":[{"href":"https:\/\/www.nmctarim.com\/index.php\/wp-json\/wp\/v2\/media?parent=610"}],"wp:term":[{"taxonomy":"product_brand","embeddable":true,"href":"https:\/\/www.nmctarim.com\/index.php\/wp-json\/wp\/v2\/product_brand?post=610"},{"taxonomy":"product_cat","embeddable":true,"href":"https:\/\/www.nmctarim.com\/index.php\/wp-json\/wp\/v2\/product_cat?post=610"},{"taxonomy":"product_tag","embeddable":true,"href":"https:\/\/www.nmctarim.com\/index.php\/wp-json\/wp\/v2\/product_tag?post=610"}],"curies":[{"name":"wp","href":"https:\/\/api.w.org\/{rel}","templated":true}]}}