{"id":473,"date":"2023-10-03T11:38:00","date_gmt":"2023-10-03T11:38:00","guid":{"rendered":"https:\/\/nmctarim.com\/?post_type=product&#038;p=473"},"modified":"2025-04-26T12:09:04","modified_gmt":"2025-04-26T12:09:04","slug":"kaplin-erkek-adaptor","status":"publish","type":"product","link":"https:\/\/www.nmctarim.com\/index.php\/product\/kaplin-erkek-adaptor\/","title":{"rendered":"Kaplin Erkek Adapt\u00f6r"},"content":{"rendered":"<h3>Kaplin Erkek Adapt\u00f6r<\/h3>\n<div id=\"attachment_477\" style=\"width: 320px\" class=\"wp-caption alignnone\"><img data-recalc-dims=\"1\" loading=\"lazy\" decoding=\"async\" aria-describedby=\"caption-attachment-477\" class=\"wp-image-477 size-full\" src=\"https:\/\/i0.wp.com\/nmctarim.com\/wp-content\/uploads\/2023\/10\/poelsan-guncel-fiyat5.png?resize=310%2C428&#038;ssl=1\" alt=\"\" width=\"310\" height=\"428\" srcset=\"https:\/\/i0.wp.com\/www.nmctarim.com\/wp-content\/uploads\/2023\/10\/poelsan-guncel-fiyat5.png?w=310&amp;ssl=1 310w, https:\/\/i0.wp.com\/www.nmctarim.com\/wp-content\/uploads\/2023\/10\/poelsan-guncel-fiyat5.png?resize=217%2C300&amp;ssl=1 217w\" sizes=\"auto, (max-width: 310px) 100vw, 310px\" \/><p id=\"caption-attachment-477\" class=\"wp-caption-text\">poelsan<\/p><\/div>\n<p><strong>Darbelere kar\u015f\u0131 dayan\u0131kl\u0131,<\/strong>\u00a0y\u00fcksek kaliteli polipropilen hammaddeden \u00fcretilmi\u015ftir.<\/p>\n<hr \/>\n<p><i class=\"fas fa-plus\"><\/i>\u00a0Borulardaki\u00a0<strong>\u00f6l\u00e7\u00fc farkl\u0131l\u0131klar\u0131ndan<\/strong>\u00a0veya\u00a0<strong>ovallikten<\/strong>\u00a0olu\u015fabilecek sorunlar\u0131\u00a0<strong>konik s\u0131kma \u00f6zelli\u011fi sayesinde \u00f6nler.<\/strong><\/p>\n<hr \/>\n<p><i class=\"fas fa-plus\"><\/i>\u00a0UV \u0131\u015f\u0131nlar\u0131n\u0131 ge\u00e7irmedi\u011fi i\u00e7in\u00a0<strong>yosunlanmaya ve bakteri \u00fcremesine izin vermez.<\/strong><\/p>\n<hr \/>\n<p><i class=\"fas fa-plus\"><\/i>\u00a0Oringi kau\u00e7uktan \u00fcretilmekte olup\u00a0<strong>y\u00fcksek bas\u0131n\u00e7 alt\u0131nda s\u0131zd\u0131rmazl\u0131k sa\u011flar.<\/strong><\/p>\n<hr \/>\n<p><i class=\"fas fa-plus\"><\/i>\u00a0<strong>\u0130\u00e7 y\u00fczeyleri homojen ve g\u00f6zeneksizdir<\/strong>.<\/p>\n<hr \/>\n<p><i class=\"fas fa-plus\"><\/i>\u00a0Suyun kokusunu ve tad\u0131n\u0131 de\u011fi\u015ftirebilecek\u00a0<strong>zararl\u0131 bile\u015fikler i\u00e7ermez.<\/strong><\/p>\n<hr \/>\n<p><i class=\"fas fa-plus\"><\/i>\u00a0Di\u015fi \u00fcr\u00fcnlerimiz, korozyona dayan\u0131kl\u0131\u00a0<strong>metal y\u00fcz\u00fck sayesinde de\u011fi\u015fken s\u0131cakl\u0131klarda y\u00fcksek s\u0131zd\u0131rmazl\u0131k sa\u011flar.<\/strong><\/p>\n<hr \/>\n<p><i class=\"fas fa-plus\"><\/i>\u00a0Dis \u00f6l\u00e7\u00fcleri\u00a0<strong>ISO 7-1 Standard\u0131na<\/strong>\u00a0uygundur.<\/p>\n<hr \/>\n<p><i class=\"fas fa-plus\"><\/i><strong>\u00a0ISO 17885 Standard\u0131na<\/strong>\u00a0uygundur.<\/p>\n","protected":false},"excerpt":{"rendered":"<p>Kaplin Erkek Adapt\u00f6r Darbelere kar\u015f\u0131 dayan\u0131kl\u0131,\u00a0y\u00fcksek kaliteli polipropilen hammaddeden \u00fcretilmi\u015ftir. \u00a0Borulardaki\u00a0\u00f6l\u00e7\u00fc farkl\u0131l\u0131klar\u0131ndan\u00a0veya\u00a0ovallikten\u00a0olu\u015fabilecek sorunlar\u0131\u00a0konik s\u0131kma \u00f6zelli\u011fi sayesinde \u00f6nler. \u00a0UV \u0131\u015f\u0131nlar\u0131n\u0131 ge\u00e7irmedi\u011fi i\u00e7in\u00a0yosunlanmaya ve bakteri \u00fcremesine izin vermez. \u00a0Oringi kau\u00e7uktan \u00fcretilmekte olup\u00a0y\u00fcksek bas\u0131n\u00e7 alt\u0131nda s\u0131zd\u0131rmazl\u0131k sa\u011flar. \u00a0\u0130\u00e7 y\u00fczeyleri homojen ve g\u00f6zeneksizdir. \u00a0Suyun kokusunu ve tad\u0131n\u0131 de\u011fi\u015ftirebilecek\u00a0zararl\u0131 bile\u015fikler i\u00e7ermez. \u00a0Di\u015fi \u00fcr\u00fcnlerimiz, korozyona dayan\u0131kl\u0131\u00a0metal y\u00fcz\u00fck sayesinde de\u011fi\u015fken s\u0131cakl\u0131klarda y\u00fcksek..<\/p>\n","protected":false},"featured_media":474,"comment_status":"open","ping_status":"closed","template":"","meta":{"om_disable_all_campaigns":false,"_monsterinsights_skip_tracking":false,"_monsterinsights_sitenote_active":false,"_monsterinsights_sitenote_note":"","_monsterinsights_sitenote_category":0,"jetpack_publicize_message":"","jetpack_publicize_feature_enabled":true,"jetpack_social_post_already_shared":false,"jetpack_social_options":{"image_generator_settings":{"template":"highway","default_image_id":0,"font":"","enabled":false},"version":2}},"product_brand":[],"product_cat":[132],"product_tag":[238,240,239,230,228],"class_list":{"0":"post-473","1":"product","2":"type-product","3":"status-publish","4":"has-post-thumbnail","6":"product_cat-pp-kaplin-urunler","7":"product_tag-kaplin-erkek-adaptor","8":"product_tag-poelsan-kaplin-fiyatlari","9":"product_tag-poelsan-kaplin-urunler","10":"product_tag-poelsan-urun-fiyatlari","11":"product_tag-poelsan-urunler","13":"first","14":"instock","15":"shipping-taxable","16":"purchasable","17":"product-type-simple"},"aioseo_notices":[],"jetpack_publicize_connections":[],"jetpack_sharing_enabled":true,"_links":{"self":[{"href":"https:\/\/www.nmctarim.com\/index.php\/wp-json\/wp\/v2\/product\/473","targetHints":{"allow":["GET"]}}],"collection":[{"href":"https:\/\/www.nmctarim.com\/index.php\/wp-json\/wp\/v2\/product"}],"about":[{"href":"https:\/\/www.nmctarim.com\/index.php\/wp-json\/wp\/v2\/types\/product"}],"replies":[{"embeddable":true,"href":"https:\/\/www.nmctarim.com\/index.php\/wp-json\/wp\/v2\/comments?post=473"}],"wp:featuredmedia":[{"embeddable":true,"href":"https:\/\/www.nmctarim.com\/index.php\/wp-json\/wp\/v2\/media\/474"}],"wp:attachment":[{"href":"https:\/\/www.nmctarim.com\/index.php\/wp-json\/wp\/v2\/media?parent=473"}],"wp:term":[{"taxonomy":"product_brand","embeddable":true,"href":"https:\/\/www.nmctarim.com\/index.php\/wp-json\/wp\/v2\/product_brand?post=473"},{"taxonomy":"product_cat","embeddable":true,"href":"https:\/\/www.nmctarim.com\/index.php\/wp-json\/wp\/v2\/product_cat?post=473"},{"taxonomy":"product_tag","embeddable":true,"href":"https:\/\/www.nmctarim.com\/index.php\/wp-json\/wp\/v2\/product_tag?post=473"}],"curies":[{"name":"wp","href":"https:\/\/api.w.org\/{rel}","templated":true}]}}