{"id":459,"date":"2023-10-03T09:39:03","date_gmt":"2023-10-03T09:39:03","guid":{"rendered":"https:\/\/nmctarim.com\/?post_type=product&#038;p=459"},"modified":"2025-04-26T12:08:44","modified_gmt":"2025-04-26T12:08:44","slug":"pvc-flansli-kelebek-vana-takim","status":"publish","type":"product","link":"https:\/\/www.nmctarim.com\/index.php\/product\/pvc-flansli-kelebek-vana-takim\/","title":{"rendered":"Pvc Flan\u015fl\u0131 Kelebek Vana (Tak\u0131m)"},"content":{"rendered":"<h3>Pvc Flan\u015fl\u0131 Kelebek Vana (Tak\u0131m)<\/h3>\n<p><img data-recalc-dims=\"1\" loading=\"lazy\" decoding=\"async\" class=\"alignnone wp-image-461 size-full\" src=\"https:\/\/i0.wp.com\/nmctarim.com\/wp-content\/uploads\/2023\/10\/Kelebek-Vana-Takimi.png?resize=785%2C457&#038;ssl=1\" alt=\"\" width=\"785\" height=\"457\" srcset=\"https:\/\/i0.wp.com\/www.nmctarim.com\/wp-content\/uploads\/2023\/10\/Kelebek-Vana-Takimi.png?w=785&amp;ssl=1 785w, https:\/\/i0.wp.com\/www.nmctarim.com\/wp-content\/uploads\/2023\/10\/Kelebek-Vana-Takimi.png?resize=300%2C175&amp;ssl=1 300w, https:\/\/i0.wp.com\/www.nmctarim.com\/wp-content\/uploads\/2023\/10\/Kelebek-Vana-Takimi.png?resize=768%2C447&amp;ssl=1 768w, https:\/\/i0.wp.com\/www.nmctarim.com\/wp-content\/uploads\/2023\/10\/Kelebek-Vana-Takimi.png?resize=600%2C349&amp;ssl=1 600w\" sizes=\"auto, (max-width: 785px) 100vw, 785px\" \/><\/p>\n<h3>U-PVC FLAN\u015eLI KELEBEK SU VANASI (TAKIM) TEKN\u0130K \u00d6ZELL\u0130KLER\u0130<\/h3>\n<div>\u00c7aplar :\u00a0\u00d863 &#8211; \u00d8400<\/div>\n<div>Bas\u0131n\u00e7 De\u011feri :\u00a0PN10<\/div>\n<div>Standartlara uygunluk\u00a0:\u00a0P\u0130MTA\u015e <a href=\"http:\/\/nmctarim.com\">kelebek vanalar<\/a>\u0131 a\u015fa\u011f\u0131daki uluslararas\u0131 standartlara uygundur.<\/div>\n<div><\/div>\n<div>\n<div>\n<div>1- Tasar\u0131mdaki mod\u00fcler par\u00e7a dizayn\u0131 en \u00f6nemli inovasyonlardan biridir. Bu sayede kelebek vanan\u0131n kullan\u0131laca\u011f\u0131 boru hatt\u0131 sistemi ile ayni<\/div>\n<div>plastik malzemeden yap\u0131labilme olana\u011f\u0131 sa\u011flanm\u0131\u015ft\u0131r. Boru hatt\u0131n\u0131n plastik malzemesi, i\u00e7inden ge\u00e7ecek s\u0131v\u0131n\u0131n \u00f6zelliklerine, kullan\u0131m \u015fartlar\u0131na<\/div>\n<div>(s\u0131cakl\u0131k, bas\u0131n\u00e7&#8230;.) g\u00f6re PVC-U, PVC, ABS, PP, veya PVDF olarak se\u00e7ilebilir kelebek vanalar\u0131n\u0131n ak\u0131\u015fkan ile temas eden y\u00fczeyleri de\u011fi\u015ftirilebilir,<\/div>\n<div>(mod\u00fcler dizayn) par\u00e7alar \u015feklindedir. Dolay\u0131s\u0131yla boru hatt\u0131 ile ayn\u0131 plastik malzemeden kelebek vana imalat\u0131 m\u00fcmk\u00fcn olmaktad\u0131r. Piyasadaki<\/div>\n<div>mevcut vanalarda b\u00f6yle bir imkan mevcut de\u011fildir.<\/div>\n<div>2- \u00c7ift eksantrik \u00e7al\u0131\u015fma prensibi; \u00c7ift eksantrik \u00e7al\u0131\u015fma prensibine g\u00f6re dizayn edilmi\u015f klape ve g\u00f6vde sayesinde vana klapesi a\u00e7\u0131k pozisyonda<\/div>\n<div>iken, klape contaya temas etmemektedir. Bu da contan\u0131n y\u0131rt\u0131lmas\u0131, a\u015f\u0131nmas\u0131 \u00f6nlenmektedir. S\u00fcrt\u00fcnme kuvvetinin azalmas\u0131ndan dolay\u0131 klapenin<\/div>\n<div>d\u00f6nd\u00fcrme kuvveti 50-70 azalmaktad\u0131r. Bu sayede \u00e7al\u0131\u015fma \u015fartlar\u0131 kolayla\u015fmakta, daha k\u00fc\u00e7\u00fck ve ekonomik akt\u00fcat\u00f6rler kullan\u0131labilmektedir.<\/div>\n<div>Ayr\u0131ca bu \u00e7al\u0131\u015fma prensibi, ak\u0131\u015fkan\u0131n bas\u0131nc\u0131nda meydana gelen azal\u0131p \u00e7o\u011falmay\u0131, yani bas\u0131n\u00e7 dalgalanmalar\u0131na kar\u015f\u0131 kelebek vanay\u0131<\/div>\n<div>korumaktad\u0131r. B\u00f6ylece kelebek vanalarda daha uzun \u00e7al\u0131\u015fma \u00f6mr\u00fc ve daha az bak\u0131m gerekmektedir.<\/div>\n<div>3- Kullan\u0131m kolayl\u0131\u011f\u0131, verim art\u0131\u015f\u0131 ve emniyet; P\u0130MTA\u015e kelebek vanalardaki mod\u00fcler par\u00e7alar\u0131n p\u00fcr\u00fczs\u00fcz, parlak y\u00fczeyleri sayesinde vana klapesi<\/div>\n<div>ve g\u00f6vdesine \u00e7amur, pislik, kat\u0131 par\u00e7alar vs yap\u0131\u015fmaz. Vanalar\u0131n verimi artar, bakim ihtiyac\u0131 azal\u0131r. Mevcut kelebek vanalarda, klape a\u00e7\u0131k veya<\/div>\n<div>kapali pozisyonda iken, kau\u00e7uk contalar vana g\u00f6vdesinde malzeme ak\u0131\u015f y\u00fczeyinin 70-80 ini kaplamaktad\u0131r. Bilindi\u011fi gibi kau\u00e7uk malzemelerin<\/div>\n<div>\u00fczerine \u00e7amur, pislik, kat\u0131 tanecikler vs. gibi malzemeler yap\u0131\u015f\u0131r ve zamanla vanan\u0131n ak\u0131\u015f y\u00fczeyinin daralmas\u0131na, vanan\u0131n t\u0131kanmas\u0131na neden olur.<\/div>\n<div>PiMTA\u015e dizayn\u0131nda contalar\u0131n kau\u00e7uk y\u00fczeyi ak\u0131\u015fkan ile temas etmedi\u011finden t\u0131kan\u0131kl\u0131\u011fa sebep olmaz.<\/div>\n<\/div>\n<ul>\n<li>Metrik sistem; DIN, EN, ISO<\/li>\n<li>Inch sistem; BS, ASTM<\/li>\n<li>prEN ISO 16136 Termoplastik malzemeden mamul end\u00fcstri vanalar\u0131 Kelebek vanalar.<\/li>\n<li>ISO 9393 Termoplastik vanalar-bas\u0131n\u00e7 test metodlar\u0131 ve \u015fartnamesi.<\/li>\n<li>En 558<\/li>\n<li>ISO 5211 e uygun, elektrik veya pn\u00f6matik actuator i\u00e7in standart ba\u011flant\u0131 plakas\u0131 mevcuttur.<\/li>\n<li>Hassas kumanda kontrol\u00fc i\u00e7in 5 derece a\u00e7\u0131larla kontroll\u00fc olarak a\u00e7\u0131labilen kol mekanizmas\u0131 dizayn edilmi\u015ftir. Ayr\u0131ca kol emniyet ve kumanda<\/li>\n<\/ul>\n<div>kolayl\u0131\u011f\u0131 i\u00e7in kilitlenebilme imkan\u0131 mevcuttur.<\/div>\n<ul>\n<li>Boru hatt\u0131 malzemesine ba\u011fl\u0131 olarak de\u011fi\u015fik conta malzemeleri kullanabilme imkan\u0131 mevcuttur. EPDM, FPM, veya iste\u011fe ba\u011fl\u0131 \u00f6zel conta malzemeleri kullan\u0131labilir. S\u0131zd\u0131rmazl\u0131k kontrol\u00fc i\u00e7in \u00e7ift conta sistemi kullan\u0131lm\u0131\u015ft\u0131r.<\/li>\n<li>Plastik vanalar daha hafif olduklar\u0131 i\u00e7in ta\u015f\u0131mas\u0131, montaj\u0131 daha kolayd\u0131r, bu y\u00fczden maliyetleri daha k\u00fc\u00e7\u00fckt\u00fcr. Zengin \u00e7e\u015fitleri ile m\u00fc\u015fterinin, projenin isteklerine en uygun mamul\u00fc se\u00e7me imkan\u0131 sa\u011flar.<\/li>\n<\/ul>\n<\/div>\n<h3>PLAST\u0130K VANALARIN METAL VANALARA G\u00d6RE AVANTAJLARI<\/h3>\n<ul>\n<li>Kimyasal maddelere kar\u015f\u0131 y\u00fcksek mukavemet<\/li>\n<li>A\u015f\u0131nma ve s\u00fcrt\u00fcnmeden do\u011facak izlere kar\u015f\u0131 y\u00fcksek mukavemet<\/li>\n<li>P\u00fcr\u00fczs\u00fcz, parlak y\u00fczey<\/li>\n<li>\n<div>Plastik vanalar daha hafif oldu\u011fundan ta\u015f\u0131nmas\u0131, montaj\u0131 daha kolayd\u0131r, bu y\u00fczden de maliyetleri daha d\u00fc\u015f\u00fckt\u00fcr.<\/div>\n<\/li>\n<li>\n<div>Vana Bas\u0131n\u00e7 kay\u0131p diyagram\u0131 a\u015fa\u011f\u0131daki gibidir.<\/div>\n<\/li>\n<li>\n<div>Vanan\u0131n % a\u00e7\u0131kl\u0131k durumu, Ge\u00e7en suyun debisi, Vana nominal \u00e7ap\u0131, verileri ile ka\u00e7 bar bas\u0131n\u00e7 d\u00fc\u015f\u00fc\u015f\u00fc ya\u015fanaca\u011f\u0131 hesaplanabilir.<\/div>\n<\/li>\n<\/ul>\n<h3>U-PVC FLAN\u015eLI KELEBEK SU VANASI (TAKIM) NEREDE KULLANILIR?<\/h3>\n<ul>\n<li>End\u00fcstriyel su ar\u0131tma tesisatlar\u0131nda<\/li>\n<li>\u0130\u00e7me suyu tesisatlar\u0131nda<\/li>\n<li>Aquaparklar, akvaryum<\/li>\n<li>Pissu, at\u0131k su ar\u0131tma su tesisatlar\u0131nda<\/li>\n<li>Kimyasal maddelerin transport tesisatlar\u0131nda<\/li>\n<li>Elektro kaplama tesisatlar\u0131nda<\/li>\n<li>Enerji \u00fcretim tesislerinde<\/li>\n<\/ul>\n","protected":false},"excerpt":{"rendered":"<p>Pvc Flan\u015fl\u0131 Kelebek Vana (Tak\u0131m) U-PVC FLAN\u015eLI KELEBEK SU VANASI (TAKIM) TEKN\u0130K \u00d6ZELL\u0130KLER\u0130 \u00c7aplar :\u00a0\u00d863 &#8211; \u00d8400 Bas\u0131n\u00e7 De\u011feri :\u00a0PN10 Standartlara uygunluk\u00a0:\u00a0P\u0130MTA\u015e kelebek vanalar\u0131 a\u015fa\u011f\u0131daki uluslararas\u0131 standartlara uygundur. 1- Tasar\u0131mdaki mod\u00fcler par\u00e7a dizayn\u0131 en \u00f6nemli inovasyonlardan biridir. Bu sayede kelebek vanan\u0131n kullan\u0131laca\u011f\u0131 boru hatt\u0131 sistemi ile ayni plastik malzemeden yap\u0131labilme olana\u011f\u0131 sa\u011flanm\u0131\u015ft\u0131r. Boru hatt\u0131n\u0131n plastik..<\/p>\n","protected":false},"featured_media":460,"comment_status":"open","ping_status":"closed","template":"","meta":{"om_disable_all_campaigns":false,"_monsterinsights_skip_tracking":false,"_monsterinsights_sitenote_active":false,"_monsterinsights_sitenote_note":"","_monsterinsights_sitenote_category":0,"jetpack_publicize_message":"","jetpack_publicize_feature_enabled":true,"jetpack_social_post_already_shared":false,"jetpack_social_options":{"image_generator_settings":{"template":"highway","default_image_id":0,"font":"","enabled":false},"version":2}},"product_brand":[],"product_cat":[131],"product_tag":[198,210,226,202,225],"class_list":{"0":"post-459","1":"product","2":"type-product","3":"status-publish","4":"has-post-thumbnail","6":"product_cat-pvc-fittings-urunler","7":"product_tag-pimtas","8":"product_tag-pimtas-urun-fiyatlari","9":"product_tag-pimtas-urun-listesi","10":"product_tag-pimtas-urunler","11":"product_tag-pvc-flansli-kelebek-vana-takim","13":"first","14":"instock","15":"shipping-taxable","16":"purchasable","17":"product-type-simple"},"aioseo_notices":[],"jetpack_publicize_connections":[],"jetpack_sharing_enabled":true,"_links":{"self":[{"href":"https:\/\/www.nmctarim.com\/index.php\/wp-json\/wp\/v2\/product\/459","targetHints":{"allow":["GET"]}}],"collection":[{"href":"https:\/\/www.nmctarim.com\/index.php\/wp-json\/wp\/v2\/product"}],"about":[{"href":"https:\/\/www.nmctarim.com\/index.php\/wp-json\/wp\/v2\/types\/product"}],"replies":[{"embeddable":true,"href":"https:\/\/www.nmctarim.com\/index.php\/wp-json\/wp\/v2\/comments?post=459"}],"wp:featuredmedia":[{"embeddable":true,"href":"https:\/\/www.nmctarim.com\/index.php\/wp-json\/wp\/v2\/media\/460"}],"wp:attachment":[{"href":"https:\/\/www.nmctarim.com\/index.php\/wp-json\/wp\/v2\/media?parent=459"}],"wp:term":[{"taxonomy":"product_brand","embeddable":true,"href":"https:\/\/www.nmctarim.com\/index.php\/wp-json\/wp\/v2\/product_brand?post=459"},{"taxonomy":"product_cat","embeddable":true,"href":"https:\/\/www.nmctarim.com\/index.php\/wp-json\/wp\/v2\/product_cat?post=459"},{"taxonomy":"product_tag","embeddable":true,"href":"https:\/\/www.nmctarim.com\/index.php\/wp-json\/wp\/v2\/product_tag?post=459"}],"curies":[{"name":"wp","href":"https:\/\/api.w.org\/{rel}","templated":true}]}}