{"id":441,"date":"2023-10-03T08:52:52","date_gmt":"2023-10-03T08:52:52","guid":{"rendered":"https:\/\/nmctarim.com\/?post_type=product&#038;p=441"},"modified":"2023-10-03T08:54:24","modified_gmt":"2023-10-03T08:54:24","slug":"pvc-distan-disli-depo-baglanti-adaptoru-uzun-tip","status":"publish","type":"product","link":"https:\/\/www.nmctarim.com\/index.php\/product\/pvc-distan-disli-depo-baglanti-adaptoru-uzun-tip\/","title":{"rendered":"Pvc D\u0131\u015ftan Di\u015fli Depo Ba\u011flant\u0131 Adapt\u00f6r\u00fc (Uzun Tip)"},"content":{"rendered":"<h4>Pvc Yap\u0131\u015ft\u0131rma Muflu Typ-B D\u0131\u015ftan Di\u015fli <a href=\"http:\/\/nmctarim.com\">Depo Ba\u011flant\u0131 Adapt\u00f6r\u00fc<\/a> (Uzun Tip)<\/h4>\n<p><img data-recalc-dims=\"1\" loading=\"lazy\" decoding=\"async\" class=\"alignnone wp-image-443 size-full\" src=\"https:\/\/i0.wp.com\/nmctarim.com\/wp-content\/uploads\/2023\/10\/depo-tank-rekoru.png?resize=779%2C393&#038;ssl=1\" alt=\"\" width=\"779\" height=\"393\" srcset=\"https:\/\/i0.wp.com\/www.nmctarim.com\/wp-content\/uploads\/2023\/10\/depo-tank-rekoru.png?w=779&amp;ssl=1 779w, https:\/\/i0.wp.com\/www.nmctarim.com\/wp-content\/uploads\/2023\/10\/depo-tank-rekoru.png?resize=300%2C151&amp;ssl=1 300w, https:\/\/i0.wp.com\/www.nmctarim.com\/wp-content\/uploads\/2023\/10\/depo-tank-rekoru.png?resize=768%2C387&amp;ssl=1 768w, https:\/\/i0.wp.com\/www.nmctarim.com\/wp-content\/uploads\/2023\/10\/depo-tank-rekoru.png?resize=600%2C303&amp;ssl=1 600w\" sizes=\"auto, (max-width: 779px) 100vw, 779px\" \/><\/p>\n<h2>UH-PVC YAPI\u015eTIRMA MUFLU TYP-B DI\u015eTAN D\u0130\u015eL\u0130 DEPO BA\u011eLANTI ADAPT\u00d6R\u00dc ( UZUN T\u0130P ) TEKN\u0130K \u00d6ZELL\u0130KLER\u0130<\/h2>\n<div>\u00c7aplar :\u00a0\u00d820 &#8211; \u00d8200<\/div>\n<div>Bas\u0131n\u00e7 De\u011feri :\u00a0PN10<\/div>\n<div>Kullan\u0131m S\u0131cakl\u0131\u011f\u0131 :\u00a00-50\u00b0C<\/div>\n<div>Vana ba\u011flant\u0131lar\u0131 :\u00a0EN 1452-3 gibi uluslararas\u0131 standarda uygundur.<\/div>\n<div><\/div>\n<h3>UH-PVC YAPI\u015eTIRMA MUFLU TYP-B DI\u015eTAN D\u0130\u015eL\u0130 DEPO BA\u011eLANTI ADAPT\u00d6R\u00dc ( UZUN T\u0130P ) \u00d6ZELL\u0130KLER\u0130<\/h3>\n<ul>\n<li>Uzun \u00f6m\u00fcrl\u00fcd\u00fcr.<\/li>\n<li>Dayan\u0131kl\u0131d\u0131r.<\/li>\n<li>Kimyasal maddelere kar\u015f\u0131 y\u00fcksek diren\u00e7lidir.<\/li>\n<li>\u00c7evre dostudur. \u0130\u00e7inde ta\u015f\u0131d\u0131\u011f\u0131 suyun rengi, kokusu ve tad\u0131 de\u011fi\u015fmez.<\/li>\n<li>\u00d6zel dizayn contas\u0131 sayesinde s\u0131zd\u0131rmazd\u0131r.<\/li>\n<li>Kurulum kolayl\u0131\u011f\u0131 sa\u011flar.<\/li>\n<li>M\u00fckemmel hidrolik ak\u0131\u015fa sahiptir.<\/li>\n<\/ul>\n<div><\/div>\n<h3>UH-PVC YAPI\u015eTIRMA MUFLU TYP-B DI\u015eTAN D\u0130\u015eL\u0130 DEPO BA\u011eLANTI ADAPT\u00d6R\u00dc ( UZUN T\u0130P ) NEREDE KULLANILIR?<\/h3>\n<ul>\n<li>Ev i\u00e7me suyu alanlar\u0131nda<\/li>\n<li>Su ar\u0131tmada<\/li>\n<li>Tar\u0131m alanlar\u0131nda<\/li>\n<li>Y\u00fczme havuzlar\u0131nda<\/li>\n<li>End\u00fcstriyel i\u015fletmelerde<\/li>\n<\/ul>\n","protected":false},"excerpt":{"rendered":"<p>Pvc Yap\u0131\u015ft\u0131rma Muflu Typ-B D\u0131\u015ftan Di\u015fli Depo Ba\u011flant\u0131 Adapt\u00f6r\u00fc (Uzun Tip) UH-PVC YAPI\u015eTIRMA MUFLU TYP-B DI\u015eTAN D\u0130\u015eL\u0130 DEPO BA\u011eLANTI ADAPT\u00d6R\u00dc ( UZUN T\u0130P ) TEKN\u0130K \u00d6ZELL\u0130KLER\u0130 \u00c7aplar :\u00a0\u00d820 &#8211; \u00d8200 Bas\u0131n\u00e7 De\u011feri :\u00a0PN10 Kullan\u0131m S\u0131cakl\u0131\u011f\u0131 :\u00a00-50\u00b0C Vana ba\u011flant\u0131lar\u0131 :\u00a0EN 1452-3 gibi uluslararas\u0131 standarda uygundur. UH-PVC YAPI\u015eTIRMA MUFLU TYP-B DI\u015eTAN D\u0130\u015eL\u0130 DEPO BA\u011eLANTI ADAPT\u00d6R\u00dc ( UZUN..<\/p>\n","protected":false},"featured_media":442,"comment_status":"open","ping_status":"closed","template":"","meta":{"om_disable_all_campaigns":false,"_monsterinsights_skip_tracking":false,"_monsterinsights_sitenote_active":false,"_monsterinsights_sitenote_note":"","_monsterinsights_sitenote_category":0,"jetpack_publicize_message":"","jetpack_publicize_feature_enabled":true,"jetpack_social_post_already_shared":false,"jetpack_social_options":{"image_generator_settings":{"template":"highway","default_image_id":0,"font":"","enabled":false},"version":2}},"product_brand":[],"product_cat":[131],"product_tag":[198,210,202,217,218],"class_list":{"0":"post-441","1":"product","2":"type-product","3":"status-publish","4":"has-post-thumbnail","6":"product_cat-pvc-fittings-urunler","7":"product_tag-pimtas","8":"product_tag-pimtas-urun-fiyatlari","9":"product_tag-pimtas-urunler","10":"product_tag-pvc-distan-disli-depo-baglanti-adaptoru-uzun-tip","11":"product_tag-pvc-tank-rekoru","13":"first","14":"instock","15":"shipping-taxable","16":"purchasable","17":"product-type-simple"},"aioseo_notices":[],"jetpack_publicize_connections":[],"jetpack_sharing_enabled":true,"_links":{"self":[{"href":"https:\/\/www.nmctarim.com\/index.php\/wp-json\/wp\/v2\/product\/441","targetHints":{"allow":["GET"]}}],"collection":[{"href":"https:\/\/www.nmctarim.com\/index.php\/wp-json\/wp\/v2\/product"}],"about":[{"href":"https:\/\/www.nmctarim.com\/index.php\/wp-json\/wp\/v2\/types\/product"}],"replies":[{"embeddable":true,"href":"https:\/\/www.nmctarim.com\/index.php\/wp-json\/wp\/v2\/comments?post=441"}],"wp:featuredmedia":[{"embeddable":true,"href":"https:\/\/www.nmctarim.com\/index.php\/wp-json\/wp\/v2\/media\/442"}],"wp:attachment":[{"href":"https:\/\/www.nmctarim.com\/index.php\/wp-json\/wp\/v2\/media?parent=441"}],"wp:term":[{"taxonomy":"product_brand","embeddable":true,"href":"https:\/\/www.nmctarim.com\/index.php\/wp-json\/wp\/v2\/product_brand?post=441"},{"taxonomy":"product_cat","embeddable":true,"href":"https:\/\/www.nmctarim.com\/index.php\/wp-json\/wp\/v2\/product_cat?post=441"},{"taxonomy":"product_tag","embeddable":true,"href":"https:\/\/www.nmctarim.com\/index.php\/wp-json\/wp\/v2\/product_tag?post=441"}],"curies":[{"name":"wp","href":"https:\/\/api.w.org\/{rel}","templated":true}]}}