{"id":438,"date":"2023-10-03T08:39:09","date_gmt":"2023-10-03T08:39:09","guid":{"rendered":"https:\/\/nmctarim.com\/?post_type=product&#038;p=438"},"modified":"2025-04-26T12:09:20","modified_gmt":"2025-04-26T12:09:20","slug":"dis-disli-distan-yapistirmali-adaptor-uzun-tip","status":"publish","type":"product","link":"https:\/\/www.nmctarim.com\/index.php\/product\/dis-disli-distan-yapistirmali-adaptor-uzun-tip\/","title":{"rendered":"D\u0131\u015f Di\u015fli D\u0131\u015ftan Yap\u0131\u015ft\u0131rmal\u0131 Adapt\u00f6r (Uzun Tip)"},"content":{"rendered":"<h3>D\u0131\u015f Di\u015fli D\u0131\u015ftan <a href=\"http:\/\/nmctarim.com\">Yap\u0131\u015ft\u0131rmal\u0131 Adapt\u00f6<\/a>r (Uzun Tip)<\/h3>\n<p><img data-recalc-dims=\"1\" loading=\"lazy\" decoding=\"async\" class=\"alignnone wp-image-440 size-full\" src=\"https:\/\/i0.wp.com\/nmctarim.com\/wp-content\/uploads\/2023\/10\/uzun-tip-erkek-adaptor.png?resize=964%2C348&#038;ssl=1\" alt=\"\" width=\"964\" height=\"348\" srcset=\"https:\/\/i0.wp.com\/www.nmctarim.com\/wp-content\/uploads\/2023\/10\/uzun-tip-erkek-adaptor.png?w=964&amp;ssl=1 964w, https:\/\/i0.wp.com\/www.nmctarim.com\/wp-content\/uploads\/2023\/10\/uzun-tip-erkek-adaptor.png?resize=300%2C108&amp;ssl=1 300w, https:\/\/i0.wp.com\/www.nmctarim.com\/wp-content\/uploads\/2023\/10\/uzun-tip-erkek-adaptor.png?resize=768%2C277&amp;ssl=1 768w, https:\/\/i0.wp.com\/www.nmctarim.com\/wp-content\/uploads\/2023\/10\/uzun-tip-erkek-adaptor.png?resize=600%2C217&amp;ssl=1 600w\" sizes=\"auto, (max-width: 964px) 100vw, 964px\" \/><\/p>\n<h2>UH-PVC DI\u015e D\u0130\u015eL\u0130 DI\u015eTAN YAPI\u015eTIRMALI ADAPT\u00d6R ( UZUN T\u0130P ) TEKN\u0130K \u00d6ZELL\u0130KLER\u0130<\/h2>\n<div>\u00c7aplar :\u00a0\u00d850 &#8211; \u00d8200<\/div>\n<div>Bas\u0131n\u00e7 De\u011feri :\u00a0PN16<\/div>\n<div>Kullan\u0131m S\u0131cakl\u0131\u011f\u0131 :\u00a00-50\u00b0C<\/div>\n<div>Vana ba\u011flant\u0131lar\u0131 :\u00a0EN 1452-3 gibi uluslararas\u0131 standarda uygundur.<\/div>\n<div><\/div>\n<h3>UH-PVC DI\u015e D\u0130\u015eL\u0130 DI\u015eTAN YAPI\u015eTIRMALI ADAPT\u00d6R ( UZUN T\u0130P ) \u00d6ZELL\u0130KLER\u0130<\/h3>\n<ul>\n<li>Uzun \u00f6m\u00fcrl\u00fcd\u00fcr.<\/li>\n<li>Dayan\u0131kl\u0131d\u0131r.<\/li>\n<li>Kimyasal maddelere kar\u015f\u0131 y\u00fcksek diren\u00e7lidir.<\/li>\n<li>\u00c7evre dostudur. \u0130\u00e7inde ta\u015f\u0131d\u0131\u011f\u0131 suyun rengi, kokusu ve tad\u0131 de\u011fi\u015fmez.<\/li>\n<li>\u00d6zel dizayn contas\u0131 sayesinde s\u0131zd\u0131rmazd\u0131r.<\/li>\n<li>Kurulum kolayl\u0131\u011f\u0131 sa\u011flar.<\/li>\n<li>M\u00fckemmel hidrolik ak\u0131\u015fa sahiptir.<\/li>\n<\/ul>\n<div><\/div>\n<h3>UH-PVC DI\u015e D\u0130\u015eL\u0130 DI\u015eTAN YAPI\u015eTIRMALI ADAPT\u00d6R ( UZUN T\u0130P ) NEREDE KULLANILIR?<\/h3>\n<ul>\n<li>Ev i\u00e7me suyu alanlar\u0131nda<\/li>\n<li>Su ar\u0131tmada<\/li>\n<li>Tar\u0131m alanlar\u0131nda<\/li>\n<li>Y\u00fczme havuzlar\u0131nda<\/li>\n<li>End\u00fcstriyel i\u015fletmelerde<\/li>\n<\/ul>\n","protected":false},"excerpt":{"rendered":"<p>D\u0131\u015f Di\u015fli D\u0131\u015ftan Yap\u0131\u015ft\u0131rmal\u0131 Adapt\u00f6r (Uzun Tip) UH-PVC DI\u015e D\u0130\u015eL\u0130 DI\u015eTAN YAPI\u015eTIRMALI ADAPT\u00d6R ( UZUN T\u0130P ) TEKN\u0130K \u00d6ZELL\u0130KLER\u0130 \u00c7aplar :\u00a0\u00d850 &#8211; \u00d8200 Bas\u0131n\u00e7 De\u011feri :\u00a0PN16 Kullan\u0131m S\u0131cakl\u0131\u011f\u0131 :\u00a00-50\u00b0C Vana ba\u011flant\u0131lar\u0131 :\u00a0EN 1452-3 gibi uluslararas\u0131 standarda uygundur. UH-PVC DI\u015e D\u0130\u015eL\u0130 DI\u015eTAN YAPI\u015eTIRMALI ADAPT\u00d6R ( UZUN T\u0130P ) \u00d6ZELL\u0130KLER\u0130 Uzun \u00f6m\u00fcrl\u00fcd\u00fcr. Dayan\u0131kl\u0131d\u0131r. Kimyasal maddelere kar\u015f\u0131 y\u00fcksek..<\/p>\n","protected":false},"featured_media":439,"comment_status":"open","ping_status":"closed","template":"","meta":{"om_disable_all_campaigns":false,"_monsterinsights_skip_tracking":false,"_monsterinsights_sitenote_active":false,"_monsterinsights_sitenote_note":"","_monsterinsights_sitenote_category":0,"jetpack_publicize_message":"","jetpack_publicize_feature_enabled":true,"jetpack_social_post_already_shared":false,"jetpack_social_options":{"image_generator_settings":{"template":"highway","default_image_id":0,"font":"","enabled":false},"version":2}},"product_brand":[],"product_cat":[131],"product_tag":[215,198,210,202,216],"class_list":{"0":"post-438","1":"product","2":"type-product","3":"status-publish","4":"has-post-thumbnail","6":"product_cat-pvc-fittings-urunler","7":"product_tag-dis-disli-distan-yapistirmali-adaptor-uzun-tip","8":"product_tag-pimtas","9":"product_tag-pimtas-urun-fiyatlari","10":"product_tag-pimtas-urunler","11":"product_tag-pimtas-yapistirma","13":"first","14":"instock","15":"shipping-taxable","16":"purchasable","17":"product-type-simple"},"aioseo_notices":[],"jetpack_publicize_connections":[],"jetpack_sharing_enabled":true,"_links":{"self":[{"href":"https:\/\/www.nmctarim.com\/index.php\/wp-json\/wp\/v2\/product\/438","targetHints":{"allow":["GET"]}}],"collection":[{"href":"https:\/\/www.nmctarim.com\/index.php\/wp-json\/wp\/v2\/product"}],"about":[{"href":"https:\/\/www.nmctarim.com\/index.php\/wp-json\/wp\/v2\/types\/product"}],"replies":[{"embeddable":true,"href":"https:\/\/www.nmctarim.com\/index.php\/wp-json\/wp\/v2\/comments?post=438"}],"wp:featuredmedia":[{"embeddable":true,"href":"https:\/\/www.nmctarim.com\/index.php\/wp-json\/wp\/v2\/media\/439"}],"wp:attachment":[{"href":"https:\/\/www.nmctarim.com\/index.php\/wp-json\/wp\/v2\/media?parent=438"}],"wp:term":[{"taxonomy":"product_brand","embeddable":true,"href":"https:\/\/www.nmctarim.com\/index.php\/wp-json\/wp\/v2\/product_brand?post=438"},{"taxonomy":"product_cat","embeddable":true,"href":"https:\/\/www.nmctarim.com\/index.php\/wp-json\/wp\/v2\/product_cat?post=438"},{"taxonomy":"product_tag","embeddable":true,"href":"https:\/\/www.nmctarim.com\/index.php\/wp-json\/wp\/v2\/product_tag?post=438"}],"curies":[{"name":"wp","href":"https:\/\/api.w.org\/{rel}","templated":true}]}}