{"id":413,"date":"2023-10-03T07:25:50","date_gmt":"2023-10-03T07:25:50","guid":{"rendered":"https:\/\/nmctarim.com\/?post_type=product&#038;p=413"},"modified":"2026-03-24T11:20:16","modified_gmt":"2026-03-24T11:20:16","slug":"pvc-90-yapistirma-muflu-dirsek","status":"publish","type":"product","link":"https:\/\/www.nmctarim.com\/index.php\/product\/pvc-90-yapistirma-muflu-dirsek\/","title":{"rendered":"Pvc 90\u00b0 Yap\u0131\u015ft\u0131rma Muflu Dirsek"},"content":{"rendered":"<h2>Pvc 90\u00b0 <a href=\"http:\/\/nmctarim.com\">Yap\u0131\u015ft\u0131rma Muflu Dirsek<\/a><\/h2>\n<p><img data-recalc-dims=\"1\" loading=\"lazy\" decoding=\"async\" class=\"alignnone wp-image-419 size-full\" src=\"https:\/\/i0.wp.com\/nmctarim.com\/wp-content\/uploads\/2023\/10\/pimtas-fiyat3.png?resize=961%2C557&#038;ssl=1\" alt=\"\" width=\"961\" height=\"557\" srcset=\"https:\/\/i0.wp.com\/www.nmctarim.com\/wp-content\/uploads\/2023\/10\/pimtas-fiyat3.png?w=961&amp;ssl=1 961w, https:\/\/i0.wp.com\/www.nmctarim.com\/wp-content\/uploads\/2023\/10\/pimtas-fiyat3.png?resize=300%2C174&amp;ssl=1 300w, https:\/\/i0.wp.com\/www.nmctarim.com\/wp-content\/uploads\/2023\/10\/pimtas-fiyat3.png?resize=768%2C445&amp;ssl=1 768w, https:\/\/i0.wp.com\/www.nmctarim.com\/wp-content\/uploads\/2023\/10\/pimtas-fiyat3.png?resize=600%2C348&amp;ssl=1 600w\" sizes=\"auto, (max-width: 961px) 100vw, 961px\" \/><\/p>\n<h2>UH-PVC YAPI\u015eTIRMA MUFLU 90\u00b0 D\u0130RSEK TEKN\u0130K \u00d6ZELL\u0130KLER\u0130<\/h2>\n<div>\u00c7aplar :\u00a0\u00d820 &#8211; \u00d8400<\/div>\n<div>Bas\u0131n\u00e7 De\u011feri :\u00a0PN10-PN16<\/div>\n<div>Kullan\u0131m S\u0131cakl\u0131\u011f\u0131 :\u00a00-50\u00b0C<\/div>\n<div>Vana ba\u011flant\u0131lar\u0131 :\u00a0EN 1452-3 gibi uluslararas\u0131 standarda uygundur.<\/div>\n<div><\/div>\n<h3>UH-PVC YAPI\u015eTIRMA MUFLU 90\u00b0 D\u0130RSEK \u00d6ZELL\u0130KLER\u0130<\/h3>\n<ul>\n<li>Uzun \u00f6m\u00fcrl\u00fcd\u00fcr.<\/li>\n<li>Dayan\u0131kl\u0131d\u0131r.<\/li>\n<li>Kimyasal maddelere kar\u015f\u0131 y\u00fcksek diren\u00e7lidir.<\/li>\n<li>\u00c7evre dostudur. \u0130\u00e7inde ta\u015f\u0131d\u0131\u011f\u0131 suyun rengi, kokusu ve tad\u0131 de\u011fi\u015fmez.<\/li>\n<li>\u00d6zel dizayn contas\u0131 sayesinde s\u0131zd\u0131rmazd\u0131r.<\/li>\n<li>Kurulum kolayl\u0131\u011f\u0131 sa\u011flar.<\/li>\n<li>M\u00fckemmel hidrolik ak\u0131\u015fa sahiptir.<\/li>\n<\/ul>\n<div><\/div>\n<h3>UH-PVC YAPI\u015eTIRMA MUFLU 90\u00b0 D\u0130RSEK NEREDE KULLANILIR?<\/h3>\n<ul>\n<li>Ev i\u00e7me suyu alanlar\u0131nda<\/li>\n<li>Su ar\u0131tmada<\/li>\n<li>Tar\u0131m alanlar\u0131nda<\/li>\n<li>Y\u00fczme havuzlar\u0131nda<\/li>\n<li>End\u00fcstriyel i\u015fletmelerde<\/li>\n<\/ul>\n","protected":false},"excerpt":{"rendered":"<p>Pvc 90\u00b0 Yap\u0131\u015ft\u0131rma Muflu Dirsek UH-PVC YAPI\u015eTIRMA MUFLU 90\u00b0 D\u0130RSEK TEKN\u0130K \u00d6ZELL\u0130KLER\u0130 \u00c7aplar :\u00a0\u00d820 &#8211; \u00d8400 Bas\u0131n\u00e7 De\u011feri :\u00a0PN10-PN16 Kullan\u0131m S\u0131cakl\u0131\u011f\u0131 :\u00a00-50\u00b0C Vana ba\u011flant\u0131lar\u0131 :\u00a0EN 1452-3 gibi uluslararas\u0131 standarda uygundur. UH-PVC YAPI\u015eTIRMA MUFLU 90\u00b0 D\u0130RSEK \u00d6ZELL\u0130KLER\u0130 Uzun \u00f6m\u00fcrl\u00fcd\u00fcr. Dayan\u0131kl\u0131d\u0131r. Kimyasal maddelere kar\u015f\u0131 y\u00fcksek diren\u00e7lidir. \u00c7evre dostudur. \u0130\u00e7inde ta\u015f\u0131d\u0131\u011f\u0131 suyun rengi, kokusu ve tad\u0131 de\u011fi\u015fmez. \u00d6zel..<\/p>\n","protected":false},"featured_media":415,"comment_status":"open","ping_status":"closed","template":"","meta":{"om_disable_all_campaigns":false,"_monsterinsights_skip_tracking":false,"_monsterinsights_sitenote_active":false,"_monsterinsights_sitenote_note":"","_monsterinsights_sitenote_category":0,"jetpack_publicize_message":"","jetpack_publicize_feature_enabled":true,"jetpack_social_post_already_shared":false,"jetpack_social_options":{"image_generator_settings":{"template":"highway","default_image_id":0,"font":"","enabled":false},"version":2}},"product_brand":[],"product_cat":[131],"product_tag":[198,202,201,200],"class_list":{"0":"post-413","1":"product","2":"type-product","3":"status-publish","4":"has-post-thumbnail","6":"product_cat-pvc-fittings-urunler","7":"product_tag-pimtas","8":"product_tag-pimtas-urunler","9":"product_tag-pimtas-yapistirma-dirsek","10":"product_tag-pvc-90-yapistirma-muflu-dirsek","12":"first","13":"instock","14":"shipping-taxable","15":"purchasable","16":"product-type-simple"},"aioseo_notices":[],"jetpack_publicize_connections":[],"jetpack_sharing_enabled":true,"_links":{"self":[{"href":"https:\/\/www.nmctarim.com\/index.php\/wp-json\/wp\/v2\/product\/413","targetHints":{"allow":["GET"]}}],"collection":[{"href":"https:\/\/www.nmctarim.com\/index.php\/wp-json\/wp\/v2\/product"}],"about":[{"href":"https:\/\/www.nmctarim.com\/index.php\/wp-json\/wp\/v2\/types\/product"}],"replies":[{"embeddable":true,"href":"https:\/\/www.nmctarim.com\/index.php\/wp-json\/wp\/v2\/comments?post=413"}],"wp:featuredmedia":[{"embeddable":true,"href":"https:\/\/www.nmctarim.com\/index.php\/wp-json\/wp\/v2\/media\/415"}],"wp:attachment":[{"href":"https:\/\/www.nmctarim.com\/index.php\/wp-json\/wp\/v2\/media?parent=413"}],"wp:term":[{"taxonomy":"product_brand","embeddable":true,"href":"https:\/\/www.nmctarim.com\/index.php\/wp-json\/wp\/v2\/product_brand?post=413"},{"taxonomy":"product_cat","embeddable":true,"href":"https:\/\/www.nmctarim.com\/index.php\/wp-json\/wp\/v2\/product_cat?post=413"},{"taxonomy":"product_tag","embeddable":true,"href":"https:\/\/www.nmctarim.com\/index.php\/wp-json\/wp\/v2\/product_tag?post=413"}],"curies":[{"name":"wp","href":"https:\/\/api.w.org\/{rel}","templated":true}]}}