{"id":407,"date":"2023-10-02T12:11:06","date_gmt":"2023-10-02T12:11:06","guid":{"rendered":"https:\/\/nmctarim.com\/?post_type=product&#038;p=407"},"modified":"2023-10-02T12:12:33","modified_gmt":"2023-10-02T12:12:33","slug":"golgeleme-ortusu","status":"publish","type":"product","link":"https:\/\/www.nmctarim.com\/index.php\/product\/golgeleme-ortusu\/","title":{"rendered":"G\u00f6lgeleme \u00d6rt\u00fcs\u00fc"},"content":{"rendered":"<p><a href=\"http:\/\/nmctarim.com\">G\u00f6lgeleme \u00d6rt\u00fcs\u00fc<\/a><\/p>\n<p>\u00f6lgeleme oran\u0131 : %40 en : 7m boy : 100m renk : ye\u015fil g\u00fcne\u015fin etkilerine kar\u015f\u0131 UV katk\u0131l\u0131d\u0131r<\/p>\n<p>\u00d6zel ebat siparis al\u0131n\u0131r. Kenarlar\u0131 iste\u011fe g\u00f6re halka ve ku\u015fak yap\u0131l\u0131r.<\/p>\n","protected":false},"excerpt":{"rendered":"<p>G\u00f6lgeleme \u00d6rt\u00fcs\u00fc \u00f6lgeleme oran\u0131 : %40 en : 7m boy : 100m renk : ye\u015fil g\u00fcne\u015fin etkilerine kar\u015f\u0131 UV katk\u0131l\u0131d\u0131r \u00d6zel ebat siparis al\u0131n\u0131r. Kenarlar\u0131 iste\u011fe g\u00f6re halka ve ku\u015fak yap\u0131l\u0131r.<\/p>\n","protected":false},"featured_media":408,"comment_status":"open","ping_status":"closed","template":"","meta":{"om_disable_all_campaigns":false,"_monsterinsights_skip_tracking":false,"_monsterinsights_sitenote_active":false,"_monsterinsights_sitenote_note":"","_monsterinsights_sitenote_category":0,"jetpack_publicize_message":"","jetpack_publicize_feature_enabled":true,"jetpack_social_post_already_shared":false,"jetpack_social_options":{"image_generator_settings":{"template":"highway","default_image_id":0,"font":"","enabled":false},"version":2}},"product_brand":[],"product_cat":[128],"product_tag":[193,194,195,196],"class_list":{"0":"post-407","1":"product","2":"type-product","3":"status-publish","4":"has-post-thumbnail","6":"product_cat-golge-perde-sistemi","7":"product_tag-golgeleme-ortusu","8":"product_tag-sera-golge-tulu","9":"product_tag-sera-golgeleme-ortusu","10":"product_tag-sera-golgeleme-ortusu-fiyati","12":"first","13":"instock","14":"shipping-taxable","15":"purchasable","16":"product-type-simple"},"aioseo_notices":[],"jetpack_publicize_connections":[],"jetpack_sharing_enabled":true,"_links":{"self":[{"href":"https:\/\/www.nmctarim.com\/index.php\/wp-json\/wp\/v2\/product\/407","targetHints":{"allow":["GET"]}}],"collection":[{"href":"https:\/\/www.nmctarim.com\/index.php\/wp-json\/wp\/v2\/product"}],"about":[{"href":"https:\/\/www.nmctarim.com\/index.php\/wp-json\/wp\/v2\/types\/product"}],"replies":[{"embeddable":true,"href":"https:\/\/www.nmctarim.com\/index.php\/wp-json\/wp\/v2\/comments?post=407"}],"wp:featuredmedia":[{"embeddable":true,"href":"https:\/\/www.nmctarim.com\/index.php\/wp-json\/wp\/v2\/media\/408"}],"wp:attachment":[{"href":"https:\/\/www.nmctarim.com\/index.php\/wp-json\/wp\/v2\/media?parent=407"}],"wp:term":[{"taxonomy":"product_brand","embeddable":true,"href":"https:\/\/www.nmctarim.com\/index.php\/wp-json\/wp\/v2\/product_brand?post=407"},{"taxonomy":"product_cat","embeddable":true,"href":"https:\/\/www.nmctarim.com\/index.php\/wp-json\/wp\/v2\/product_cat?post=407"},{"taxonomy":"product_tag","embeddable":true,"href":"https:\/\/www.nmctarim.com\/index.php\/wp-json\/wp\/v2\/product_tag?post=407"}],"curies":[{"name":"wp","href":"https:\/\/api.w.org\/{rel}","templated":true}]}}