{"id":404,"date":"2023-10-02T11:59:31","date_gmt":"2023-10-02T11:59:31","guid":{"rendered":"https:\/\/nmctarim.com\/?post_type=product&#038;p=404"},"modified":"2025-04-26T12:09:27","modified_gmt":"2025-04-26T12:09:27","slug":"iklim-kontrol-cihazi","status":"publish","type":"product","link":"https:\/\/www.nmctarim.com\/index.php\/product\/iklim-kontrol-cihazi\/","title":{"rendered":"\u0130klim Kontrol Cihaz\u0131"},"content":{"rendered":"<p>\u0130klim Kontrol Cihaz\u0131 Netafim olarak sizlere hizmet vermektedir. <a href=\"http:\/\/nmctarim.com\">NMC-Pro<\/a> \u0130klim Kontrol \u00dcnitesi<br \/>\nGEL\u0130\u015eM\u0130\u015e, \u00c7OK FONKS\u0130YONLU VE MOD\u00dcLER SERA \u0130KL\u0130M KONTROL \u00dcN\u0130TES\u0130<\/p>\n<h2>Son Teknoloji \u0130klim Y\u00f6netim Sistemi<\/h2>\n<p>Son teknoloji iklimlendirme sistemlerimiz, d\u00fcnyan\u0131n her yerindeki her t\u00fcrl\u00fc iklim ko\u015fulunda hassas yeti\u015ftirme ko\u015fullar\u0131 sa\u011flar.<\/p>\n<p>Mahsul\u00fcn\u00fcz ne olursa olsun, iklim kontroll\u00fc bir sera i\u00e7in ihtiyac\u0131n\u0131z olan her \u015feyi sa\u011flamak i\u00e7in \u015firket i\u00e7i sistemlerimizi \u00f6nde gelen end\u00fcstri payda\u015flar\u0131yla birle\u015ftiriyoruz.<\/p>\n<p>\u0130deal yeti\u015ftiricilik ortam\u0131 de\u011fi\u015fkenleri, son teknoloji klima kontrol\u00f6rleri, sens\u00f6rler, meteoroloji istasyonlar\u0131, kullan\u0131c\u0131 dostu yaz\u0131l\u0131mlar ve en \u00f6nemlisi sekt\u00f6rdeki en b\u00fcy\u00fck e\u011fitim ve teknik destek ekibi arac\u0131l\u0131\u011f\u0131yla dikkatli bir \u015fekilde y\u00f6netilir.<\/p>\n<p>Gakon Netafim iklim y\u00f6netim sistemleri, enerji tasarrufu sa\u011flay\u0131p ve daha s\u00fcrd\u00fcr\u00fclebilir bir operasyon olu\u015ftururken, optimum d\u00fczeyde, yani k\u0131sacas\u0131 daha az kaynakla daha \u00e7ok\u00a0 verim elde etmenize, yard\u0131mc\u0131 olacakt\u0131r.<\/p>\n<p>GENEL BAKI\u015e<br \/>\nNMC-Pro \u0130klim Kontrol \u00dcnitesi \u00e7ok fonksiyonlu, farkl\u0131 iklim ko\u015fullar\u0131n\u0131 kapsayan kontrol \u00fcnitesidir. Uygun maliyetli kontrol \u00fcnitesi<br \/>\nk\u00fc\u00e7\u00fckten orta \u00f6l\u00e7ekli seralara kadar kullan\u0131labilir.<\/p>\n<p>BA\u015eLICA FAYDALARI<br \/>\n\u2022 Geli\u015fmi\u015f iklim kontrol y\u00f6netimi<br \/>\n\u2022 Ger\u00e7ek zamanl\u0131 iklim kontrol\u00fc<br \/>\n\u2022 Bir kontrol \u00fcnitesinde 4 farkl\u0131 iklim kontrol\u00fc<br \/>\n\u2022 Meteoroloji istasyon bilgilerini ayn\u0131 a\u011fdaki di\u011fer \u00fcniteler ile<br \/>\npayla\u015f\u0131m<br \/>\n\u2022 Yeni \u0131s\u0131 ve nem \u00f6l\u00e7\u00fcm kutusu ile daha uzun kullan\u0131m \u00f6mr\u00fc<br \/>\n\u00d6ZELL\u0130KLER &amp; \u0130\u015eLEVLER<\/p>\n<p>NMC-Pro \u0130klim kontrol \u00fcnitesi sera i\u00e7indeki farkl\u0131 mod\u00fcl ve bile\u015fenler kontrol edebilir, bunlar;<br \/>\n\u2022 Havaland\u0131rma pencereleri &#8211; tepe ve yan<br \/>\n\u2022 Perdeler &#8211; g\u00f6lge ve enerji<br \/>\n\u2022 Is\u0131tma &#8211; On\/Off \u0131s\u0131tma ve her iklim b\u00f6lgesinde 5 adete kadar \u0131s\u0131tma a\u011f\u0131 kontrol\u00fc<br \/>\n\u2022 Sisleme &#8211; her iklim b\u00f6lgesinde 8 adete kadar sisleme vanas\u0131, PID kontrol \u015fekli \u0131s\u0131, nem ve<\/p>\n<p>VPD ba\u015flatma se\u00e7enekleri ile<br \/>\n\u2022 Fan ve Pad &#8211; her iklim b\u00f6lgesinde \u0131s\u0131 ve neme g\u00f6re 8 kademeye kadar kontrol<br \/>\n\u2022 Sirk\u00fclasyon Fanlar\u0131 &#8211; zamana g\u00f6re kontrol ya da \u0131s\u0131 ve nem ba\u015flatma se\u00e7enekleri<\/p>\n","protected":false},"excerpt":{"rendered":"<p>\u0130klim Kontrol Cihaz\u0131 Netafim olarak sizlere hizmet vermektedir. NMC-Pro \u0130klim Kontrol \u00dcnitesi<br \/>\nGEL\u0130\u015eM\u0130\u015e, \u00c7OK FONKS\u0130YONLU VE MOD\u00dcLER SERA \u0130KL\u0130M KONTROL \u00dcN\u0130TES\u0130<\/p>\n","protected":false},"featured_media":405,"comment_status":"open","ping_status":"closed","template":"","meta":{"om_disable_all_campaigns":false,"_monsterinsights_skip_tracking":false,"_monsterinsights_sitenote_active":false,"_monsterinsights_sitenote_note":"","_monsterinsights_sitenote_category":0,"jetpack_publicize_message":"","jetpack_publicize_feature_enabled":true,"jetpack_social_post_already_shared":false,"jetpack_social_options":{"image_generator_settings":{"template":"highway","default_image_id":0,"font":"","enabled":false},"version":2}},"product_brand":[],"product_cat":[64],"product_tag":[188,191,189,190,192],"class_list":{"0":"post-404","1":"product","2":"type-product","3":"status-publish","4":"has-post-thumbnail","6":"product_cat-iklim-kontrol-uniteleri","7":"product_tag-iklim-kontrol-cihazi","8":"product_tag-iklim-kontrol-netafim","9":"product_tag-iklim-kontrol-unitesi","10":"product_tag-netafim-iklim-kontrol-unitesi","11":"product_tag-sera-iklim-kontrol-unitesi","13":"first","14":"instock","15":"shipping-taxable","16":"purchasable","17":"product-type-simple"},"aioseo_notices":[],"jetpack_publicize_connections":[],"jetpack_sharing_enabled":true,"_links":{"self":[{"href":"https:\/\/www.nmctarim.com\/index.php\/wp-json\/wp\/v2\/product\/404","targetHints":{"allow":["GET"]}}],"collection":[{"href":"https:\/\/www.nmctarim.com\/index.php\/wp-json\/wp\/v2\/product"}],"about":[{"href":"https:\/\/www.nmctarim.com\/index.php\/wp-json\/wp\/v2\/types\/product"}],"replies":[{"embeddable":true,"href":"https:\/\/www.nmctarim.com\/index.php\/wp-json\/wp\/v2\/comments?post=404"}],"wp:featuredmedia":[{"embeddable":true,"href":"https:\/\/www.nmctarim.com\/index.php\/wp-json\/wp\/v2\/media\/405"}],"wp:attachment":[{"href":"https:\/\/www.nmctarim.com\/index.php\/wp-json\/wp\/v2\/media?parent=404"}],"wp:term":[{"taxonomy":"product_brand","embeddable":true,"href":"https:\/\/www.nmctarim.com\/index.php\/wp-json\/wp\/v2\/product_brand?post=404"},{"taxonomy":"product_cat","embeddable":true,"href":"https:\/\/www.nmctarim.com\/index.php\/wp-json\/wp\/v2\/product_cat?post=404"},{"taxonomy":"product_tag","embeddable":true,"href":"https:\/\/www.nmctarim.com\/index.php\/wp-json\/wp\/v2\/product_tag?post=404"}],"curies":[{"name":"wp","href":"https:\/\/api.w.org\/{rel}","templated":true}]}}