{"id":401,"date":"2023-10-02T11:45:11","date_gmt":"2023-10-02T11:45:11","guid":{"rendered":"https:\/\/nmctarim.com\/?post_type=product&#038;p=401"},"modified":"2023-10-02T11:47:26","modified_gmt":"2023-10-02T11:47:26","slug":"isi-perde-sistemi-greenhouse-screen","status":"publish","type":"product","link":"https:\/\/www.nmctarim.com\/index.php\/product\/isi-perde-sistemi-greenhouse-screen\/","title":{"rendered":"Is\u0131 Perde Sistemi Greenhouse Screen"},"content":{"rendered":"<h1 class=\"urun-detay-baslik\">( Greenhouse Screen ) (Shading &amp; Energy Saving Screen)<\/h1>\n<p>Malzeme : Akrilik\/Aluminyum\/PEHD dokuma<br \/>\n<span style=\"color: #000000;\"><span style=\"font-family: tahoma, arial, sans-serif;\">1 m2 fiyat\u0131<\/span><\/span><br \/>\nStandart geni\u015flik : 530 cm (di\u011fer geni\u015flikler imal edilebilir)<br \/>\nTop Uzunlu\u011fu : 200m (istenilen uzunlukta imal edilebilir)<br \/>\nI\u015f\u0131k ge\u00e7irgenli\u011fi : %45 (%85&#8217;i da\u011f\u0131lm\u0131\u015f)<br \/>\nG\u00f6lgeleme etkisi : %55<br \/>\nEnerji\u00a0tasarrufu : %58<br \/>\nGaranti : 5 y\u0131l<\/p>\n","protected":false},"excerpt":{"rendered":"<p>( Greenhouse Screen ) (Shading &amp; Energy Saving Screen) Malzeme : Akrilik\/Aluminyum\/PEHD dokuma 1 m2 fiyat\u0131 Standart geni\u015flik : 530 cm (di\u011fer geni\u015flikler imal edilebilir) Top Uzunlu\u011fu : 200m (istenilen uzunlukta imal edilebilir) I\u015f\u0131k ge\u00e7irgenli\u011fi : %45 (%85&#8217;i da\u011f\u0131lm\u0131\u015f) G\u00f6lgeleme etkisi : %55 Enerji\u00a0tasarrufu : %58 Garanti : 5 y\u0131l<\/p>\n","protected":false},"featured_media":402,"comment_status":"open","ping_status":"closed","template":"","meta":{"om_disable_all_campaigns":false,"_monsterinsights_skip_tracking":false,"_monsterinsights_sitenote_active":false,"_monsterinsights_sitenote_note":"","_monsterinsights_sitenote_category":0,"jetpack_publicize_message":"","jetpack_publicize_feature_enabled":true,"jetpack_social_post_already_shared":false,"jetpack_social_options":{"image_generator_settings":{"template":"highway","default_image_id":0,"font":"","enabled":false},"version":2}},"product_brand":[],"product_cat":[127],"product_tag":[184,183,186,187,185],"class_list":{"0":"post-401","1":"product","2":"type-product","3":"status-publish","4":"has-post-thumbnail","6":"product_cat-isi-perde-sistemi","7":"product_tag-greenhouse-screen","8":"product_tag-isi-perde-sistemi","9":"product_tag-isi-perde-sistemleri","10":"product_tag-screen-sistemi","11":"product_tag-sera-isi-perdesi","13":"first","14":"instock","15":"shipping-taxable","16":"purchasable","17":"product-type-simple"},"aioseo_notices":[],"jetpack_publicize_connections":[],"jetpack_sharing_enabled":true,"_links":{"self":[{"href":"https:\/\/www.nmctarim.com\/index.php\/wp-json\/wp\/v2\/product\/401","targetHints":{"allow":["GET"]}}],"collection":[{"href":"https:\/\/www.nmctarim.com\/index.php\/wp-json\/wp\/v2\/product"}],"about":[{"href":"https:\/\/www.nmctarim.com\/index.php\/wp-json\/wp\/v2\/types\/product"}],"replies":[{"embeddable":true,"href":"https:\/\/www.nmctarim.com\/index.php\/wp-json\/wp\/v2\/comments?post=401"}],"wp:featuredmedia":[{"embeddable":true,"href":"https:\/\/www.nmctarim.com\/index.php\/wp-json\/wp\/v2\/media\/402"}],"wp:attachment":[{"href":"https:\/\/www.nmctarim.com\/index.php\/wp-json\/wp\/v2\/media?parent=401"}],"wp:term":[{"taxonomy":"product_brand","embeddable":true,"href":"https:\/\/www.nmctarim.com\/index.php\/wp-json\/wp\/v2\/product_brand?post=401"},{"taxonomy":"product_cat","embeddable":true,"href":"https:\/\/www.nmctarim.com\/index.php\/wp-json\/wp\/v2\/product_cat?post=401"},{"taxonomy":"product_tag","embeddable":true,"href":"https:\/\/www.nmctarim.com\/index.php\/wp-json\/wp\/v2\/product_tag?post=401"}],"curies":[{"name":"wp","href":"https:\/\/api.w.org\/{rel}","templated":true}]}}