{"id":381,"date":"2023-10-02T07:16:17","date_gmt":"2023-10-02T07:16:17","guid":{"rendered":"https:\/\/nmctarim.com\/?post_type=product&#038;p=381"},"modified":"2023-10-02T07:19:50","modified_gmt":"2023-10-02T07:19:50","slug":"celik-su-tanklari","status":"publish","type":"product","link":"https:\/\/www.nmctarim.com\/index.php\/product\/celik-su-tanklari\/","title":{"rendered":"\u00c7elik Su Tanklar\u0131"},"content":{"rendered":"<p>Firmam\u0131z b\u00fcnyesinde \u00c7elik Su Tanklar\u0131 TS EN ISO 9001: 2008 CE GOST-R belgelerine sahip 15m3 \u2013 1000m3 aras\u0131 kapasi\u00adtelerde fabrikam\u0131zda imal etti\u011fimiz \u00e7elik su tanklar\u0131n\u0131, alan\u0131nda uzman kadromuzla montaj hizmetini sa\u011fl\u0131yoruz. Nmc Tar\u0131m Sera Sulama Sistemleri olarak fabrikam\u0131zda \u00e7e\u015fitli kapasitelerde imal etti\u011fimiz \u00e7elik su tanklar\u0131 ve alan\u0131nda uzman kadromuzla imalat ve montaj hizmeti sunuyoruz.<br \/>\n\u00c7elik su tanklar\u0131n\u0131n\u00a0kullan\u0131m alanlar\u0131:<br \/>\n\u2013 Temiz su depolama<br \/>\n\u2013 Drenaj suyu toplama<br \/>\n\u2013 Ya\u011fmur suyu toplama<br \/>\n\u2013 Haz\u0131rlanm\u0131\u015f g\u00fcbreli sol\u00fcsyon<br \/>\n\u2013 Yumu\u015fat\u0131lm\u0131\u015f su depolama alanlar\u0131nda kullanabilirsiniz.<\/p>\n<h3>\u00c7elik Su Tanklar\u0131<\/h3>\n<p>\u00c7EL\u0130K SU DEPOSU \u00d6ZELL\u0130KLER\u0130 VE AVANTAJLARI<br \/>\n\u00c7elik su deposu s\u0131cak galvaniz olup su deponuzu uzun y\u0131llar kullanman\u0131z\u0131 sa\u011flar<br \/>\n\u2013 Paslanmaya kar\u015f\u0131 uzun \u00f6m\u00fcrl\u00fcd\u00fcr.<br \/>\n\u2013 \u00c7abuk kurulma ve ta\u015f\u0131nabilir olmas\u0131<br \/>\n1,5 mm s\u0131cak galvanizli sa\u00e7tan imal edilmi\u015ftir.<\/p>\n","protected":false},"excerpt":{"rendered":"<p>Firmam\u0131z b\u00fcnyesinde \u00c7elik Su Tanklar\u0131 TS EN ISO 9001: 2008 CE GOST-R belgelerine sahip 15m3 \u2013 1000m3 aras\u0131 kapasi\u00adtelerde fabrikam\u0131zda imal etti\u011fimiz \u00e7elik su tanklar\u0131n\u0131, alan\u0131nda uzman kadromuzla montaj hizmetini sa\u011fl\u0131yoruz. Nmc Tar\u0131m Sera Sulama Sistemleri olarak fabrikam\u0131zda \u00e7e\u015fitli kapasitelerde imal etti\u011fimiz \u00e7elik su tanklar\u0131 ve alan\u0131nda uzman kadromuzla imalat ve montaj hizmeti sunuyoruz. \u00c7elik..<\/p>\n","protected":false},"featured_media":382,"comment_status":"open","ping_status":"closed","template":"","meta":{"om_disable_all_campaigns":false,"_monsterinsights_skip_tracking":false,"_monsterinsights_sitenote_active":false,"_monsterinsights_sitenote_note":"","_monsterinsights_sitenote_category":0,"jetpack_publicize_message":"","jetpack_publicize_feature_enabled":true,"jetpack_social_post_already_shared":false,"jetpack_social_options":{"image_generator_settings":{"template":"highway","default_image_id":0,"font":"","enabled":false},"version":2}},"product_brand":[],"product_cat":[129],"product_tag":[159,160,82,161],"class_list":{"0":"post-381","1":"product","2":"type-product","3":"status-publish","4":"has-post-thumbnail","6":"product_cat-celik-su-tanklari","7":"product_tag-celik-su-tanklari","8":"product_tag-netafim-celik-su-tanklari","9":"product_tag-netafim-sulama","10":"product_tag-netafim-sulama-otomasyonu","12":"first","13":"instock","14":"shipping-taxable","15":"purchasable","16":"product-type-simple"},"aioseo_notices":[],"jetpack_publicize_connections":[],"jetpack_sharing_enabled":true,"_links":{"self":[{"href":"https:\/\/www.nmctarim.com\/index.php\/wp-json\/wp\/v2\/product\/381","targetHints":{"allow":["GET"]}}],"collection":[{"href":"https:\/\/www.nmctarim.com\/index.php\/wp-json\/wp\/v2\/product"}],"about":[{"href":"https:\/\/www.nmctarim.com\/index.php\/wp-json\/wp\/v2\/types\/product"}],"replies":[{"embeddable":true,"href":"https:\/\/www.nmctarim.com\/index.php\/wp-json\/wp\/v2\/comments?post=381"}],"wp:featuredmedia":[{"embeddable":true,"href":"https:\/\/www.nmctarim.com\/index.php\/wp-json\/wp\/v2\/media\/382"}],"wp:attachment":[{"href":"https:\/\/www.nmctarim.com\/index.php\/wp-json\/wp\/v2\/media?parent=381"}],"wp:term":[{"taxonomy":"product_brand","embeddable":true,"href":"https:\/\/www.nmctarim.com\/index.php\/wp-json\/wp\/v2\/product_brand?post=381"},{"taxonomy":"product_cat","embeddable":true,"href":"https:\/\/www.nmctarim.com\/index.php\/wp-json\/wp\/v2\/product_cat?post=381"},{"taxonomy":"product_tag","embeddable":true,"href":"https:\/\/www.nmctarim.com\/index.php\/wp-json\/wp\/v2\/product_tag?post=381"}],"curies":[{"name":"wp","href":"https:\/\/api.w.org\/{rel}","templated":true}]}}