{"id":245,"date":"2023-09-27T07:33:57","date_gmt":"2023-09-27T07:33:57","guid":{"rendered":"https:\/\/nmctarim.com\/?post_type=product&#038;p=245"},"modified":"2025-04-26T12:08:49","modified_gmt":"2025-04-26T12:08:49","slug":"netafim-yuzuklu-konnektorler","status":"publish","type":"product","link":"https:\/\/www.nmctarim.com\/index.php\/product\/netafim-yuzuklu-konnektorler\/","title":{"rendered":"NETAF\u0130M Y\u00dcZ\u00dcKL\u00dc KONNEKT\u00d6RLER"},"content":{"rendered":"<p>NETAF\u0130M Y\u00dcZ\u00dcKL\u00dc KONNEKT\u00d6RLER F\u0130YATLARI<\/p>\n<p><img data-recalc-dims=\"1\" loading=\"lazy\" decoding=\"async\" class=\"size-medium wp-image-246\" src=\"https:\/\/i0.wp.com\/nmctarim.com\/wp-content\/uploads\/2023\/09\/NETAFIM-YUZUKLU-KONNEKTORLER-FIYATLARI-220x300.png?resize=220%2C300&#038;ssl=1\" alt=\"NETAF\u0130M Y\u00dcZ\u00dcKL\u00dc KONNEKT\u00d6RLER F\u0130YATLARI\" width=\"220\" height=\"300\" srcset=\"https:\/\/i0.wp.com\/www.nmctarim.com\/wp-content\/uploads\/2023\/09\/NETAFIM-YUZUKLU-KONNEKTORLER-FIYATLARI.png?resize=220%2C300&amp;ssl=1 220w, https:\/\/i0.wp.com\/www.nmctarim.com\/wp-content\/uploads\/2023\/09\/NETAFIM-YUZUKLU-KONNEKTORLER-FIYATLARI.png?w=418&amp;ssl=1 418w\" sizes=\"auto, (max-width: 220px) 100vw, 220px\" \/><\/p>\n<p><img data-recalc-dims=\"1\" loading=\"lazy\" decoding=\"async\" class=\"size-medium wp-image-247\" src=\"https:\/\/i0.wp.com\/nmctarim.com\/wp-content\/uploads\/2023\/09\/NETAFIM-YUZUKLU-KONNEKTORLER-FIYATLARI-2-300x178.png?resize=300%2C178&#038;ssl=1\" alt=\"NETAF\u0130M Y\u00dcZ\u00dcKL\u00dc KONNEKT\u00d6RLER F\u0130YATLARI\" width=\"300\" height=\"178\" srcset=\"https:\/\/i0.wp.com\/www.nmctarim.com\/wp-content\/uploads\/2023\/09\/NETAFIM-YUZUKLU-KONNEKTORLER-FIYATLARI-2.png?resize=300%2C178&amp;ssl=1 300w, https:\/\/i0.wp.com\/www.nmctarim.com\/wp-content\/uploads\/2023\/09\/NETAFIM-YUZUKLU-KONNEKTORLER-FIYATLARI-2.png?resize=600%2C356&amp;ssl=1 600w, https:\/\/i0.wp.com\/www.nmctarim.com\/wp-content\/uploads\/2023\/09\/NETAFIM-YUZUKLU-KONNEKTORLER-FIYATLARI-2.png?w=617&amp;ssl=1 617w\" sizes=\"auto, (max-width: 300px) 100vw, 300px\" \/><\/p>\n<p><img data-recalc-dims=\"1\" loading=\"lazy\" decoding=\"async\" class=\"size-medium wp-image-248\" src=\"https:\/\/i0.wp.com\/nmctarim.com\/wp-content\/uploads\/2023\/09\/NETAFIM-YUZUKLU-KONNEKTORLER-FIYATLARI-4-229x300.png?resize=229%2C300&#038;ssl=1\" alt=\"NETAF\u0130M Y\u00dcZ\u00dcKL\u00dc KONNEKT\u00d6RLER F\u0130YATLARI\" width=\"229\" height=\"300\" srcset=\"https:\/\/i0.wp.com\/www.nmctarim.com\/wp-content\/uploads\/2023\/09\/NETAFIM-YUZUKLU-KONNEKTORLER-FIYATLARI-4.png?resize=229%2C300&amp;ssl=1 229w, https:\/\/i0.wp.com\/www.nmctarim.com\/wp-content\/uploads\/2023\/09\/NETAFIM-YUZUKLU-KONNEKTORLER-FIYATLARI-4.png?w=413&amp;ssl=1 413w\" sizes=\"auto, (max-width: 229px) 100vw, 229px\" \/><\/p>\n<p><img data-recalc-dims=\"1\" loading=\"lazy\" decoding=\"async\" class=\"size-medium wp-image-249\" src=\"https:\/\/i0.wp.com\/nmctarim.com\/wp-content\/uploads\/2023\/09\/NETAFIM-YUZUKLU-KONNEKTORLER-FIYATLARI-5-238x300.png?resize=238%2C300&#038;ssl=1\" alt=\"NETAF\u0130M Y\u00dcZ\u00dcKL\u00dc KONNEKT\u00d6RLER F\u0130YATLARI\" width=\"238\" height=\"300\" srcset=\"https:\/\/i0.wp.com\/www.nmctarim.com\/wp-content\/uploads\/2023\/09\/NETAFIM-YUZUKLU-KONNEKTORLER-FIYATLARI-5.png?resize=238%2C300&amp;ssl=1 238w, https:\/\/i0.wp.com\/www.nmctarim.com\/wp-content\/uploads\/2023\/09\/NETAFIM-YUZUKLU-KONNEKTORLER-FIYATLARI-5.png?w=415&amp;ssl=1 415w\" sizes=\"auto, (max-width: 238px) 100vw, 238px\" \/><\/p>\n<p>&nbsp;<\/p>\n","protected":false},"excerpt":{"rendered":"<p>NETAF\u0130M Y\u00dcZ\u00dcKL\u00dc KONNEKT\u00d6RLER F\u0130YATLARI<\/p>\n","protected":false},"featured_media":250,"comment_status":"open","ping_status":"closed","template":"","meta":{"om_disable_all_campaigns":false,"_monsterinsights_skip_tracking":false,"_monsterinsights_sitenote_active":false,"_monsterinsights_sitenote_note":"","_monsterinsights_sitenote_category":0,"jetpack_publicize_message":"","jetpack_publicize_feature_enabled":true,"jetpack_social_post_already_shared":false,"jetpack_social_options":{"image_generator_settings":{"template":"highway","default_image_id":0,"font":"","enabled":false},"version":2}},"product_brand":[],"product_cat":[36,79,28],"product_tag":[107,106,109,110,82,108,105],"class_list":{"0":"post-245","1":"product","2":"type-product","3":"status-publish","4":"has-post-thumbnail","6":"product_cat-bahce-sulama","7":"product_cat-damlama-borusu","8":"product_cat-sera-sulama","9":"product_tag-netafim-damla-sulama","10":"product_tag-netafim-ekleme-nipeli","11":"product_tag-netafim-fiyat","12":"product_tag-netafim-fiyatlar","13":"product_tag-netafim-sulama","14":"product_tag-netafim-sulama-malzemesi","15":"product_tag-netafim-yuzuklu-konnektorler-fiyatlari","17":"first","18":"instock","19":"shipping-taxable","20":"purchasable","21":"product-type-simple"},"aioseo_notices":[],"jetpack_publicize_connections":[],"jetpack_sharing_enabled":true,"_links":{"self":[{"href":"https:\/\/www.nmctarim.com\/index.php\/wp-json\/wp\/v2\/product\/245","targetHints":{"allow":["GET"]}}],"collection":[{"href":"https:\/\/www.nmctarim.com\/index.php\/wp-json\/wp\/v2\/product"}],"about":[{"href":"https:\/\/www.nmctarim.com\/index.php\/wp-json\/wp\/v2\/types\/product"}],"replies":[{"embeddable":true,"href":"https:\/\/www.nmctarim.com\/index.php\/wp-json\/wp\/v2\/comments?post=245"}],"wp:featuredmedia":[{"embeddable":true,"href":"https:\/\/www.nmctarim.com\/index.php\/wp-json\/wp\/v2\/media\/250"}],"wp:attachment":[{"href":"https:\/\/www.nmctarim.com\/index.php\/wp-json\/wp\/v2\/media?parent=245"}],"wp:term":[{"taxonomy":"product_brand","embeddable":true,"href":"https:\/\/www.nmctarim.com\/index.php\/wp-json\/wp\/v2\/product_brand?post=245"},{"taxonomy":"product_cat","embeddable":true,"href":"https:\/\/www.nmctarim.com\/index.php\/wp-json\/wp\/v2\/product_cat?post=245"},{"taxonomy":"product_tag","embeddable":true,"href":"https:\/\/www.nmctarim.com\/index.php\/wp-json\/wp\/v2\/product_tag?post=245"}],"curies":[{"name":"wp","href":"https:\/\/api.w.org\/{rel}","templated":true}]}}