{"id":238,"date":"2023-09-27T07:04:05","date_gmt":"2023-09-27T07:04:05","guid":{"rendered":"https:\/\/nmctarim.com\/?post_type=product&#038;p=238"},"modified":"2025-04-26T12:08:26","modified_gmt":"2025-04-26T12:08:26","slug":"netafim-flexnet-aksesuarlari","status":"publish","type":"product","link":"https:\/\/www.nmctarim.com\/index.php\/product\/netafim-flexnet-aksesuarlari\/","title":{"rendered":"NETAF\u0130M FLEXNET AKSESUARLARI"},"content":{"rendered":"<p>NETAF\u0130M FLEXNET AKSESUARLARI F\u0130YATLARI<\/p>\n<p><img data-recalc-dims=\"1\" loading=\"lazy\" decoding=\"async\" class=\" wp-image-239\" src=\"https:\/\/i0.wp.com\/nmctarim.com\/wp-content\/uploads\/2023\/09\/NETAFIM-FLEXNET-AKSESUARLARI-FIYATLARI-300x233.png?resize=350%2C270&#038;ssl=1\" alt=\"NETAF\u0130M FLEXNET AKSESUARLARI F\u0130YATLARI\" width=\"350\" height=\"270\" \/><\/p>\n<p>*Kelep\u00e7e, fiyatlara dahil de\u011fildir. *T\u00fcrkiye\u2019de \u00fcretilmi\u015ftir.<\/p>\n<p><img data-recalc-dims=\"1\" loading=\"lazy\" decoding=\"async\" class=\"size-medium wp-image-240\" src=\"https:\/\/i0.wp.com\/nmctarim.com\/wp-content\/uploads\/2023\/09\/NETAFIM-FLEXNET-AKSESUARLARI-FIYATLARI-2-300x245.png?resize=350%2C270&#038;ssl=1\" alt=\"NETAF\u0130M FLEXNET AKSESUARLARI F\u0130YATLARI\" width=\"350\" height=\"270\" \/><\/p>\n<p>*EPDM Conta fiyata dahildir.<br \/>\n*Kelep\u00e7e, fiyatlara dahil de\u011fildir. *T\u00fcrkiye\u2019de \u00fcretilmi\u015ftir.<\/p>\n<p><img data-recalc-dims=\"1\" loading=\"lazy\" decoding=\"async\" class=\"size-medium wp-image-241\" src=\"https:\/\/i0.wp.com\/nmctarim.com\/wp-content\/uploads\/2023\/09\/NETAFIM-FLEXNET-AKSESUARLARI-FIYATLARI-3-300x264.png?resize=350%2C270&#038;ssl=1\" alt=\"NETAF\u0130M FLEXNET AKSESUARLARI F\u0130YATLARI\" width=\"350\" height=\"270\" \/><\/p>\n<p>&nbsp;<\/p>\n","protected":false},"excerpt":{"rendered":"<p>NETAF\u0130M FLEXNET AKSESUARLARI F\u0130YATLARI<\/p>\n","protected":false},"featured_media":239,"comment_status":"open","ping_status":"closed","template":"","meta":{"om_disable_all_campaigns":false,"_monsterinsights_skip_tracking":false,"_monsterinsights_sitenote_active":false,"_monsterinsights_sitenote_note":"","_monsterinsights_sitenote_category":0,"jetpack_publicize_message":"","jetpack_publicize_feature_enabled":true,"jetpack_social_post_already_shared":false,"jetpack_social_options":{"image_generator_settings":{"template":"highway","default_image_id":0,"font":"","enabled":false},"version":2}},"product_brand":[],"product_cat":[90],"product_tag":[97,99,98,96,100],"class_list":{"0":"post-238","1":"product","2":"type-product","3":"status-publish","4":"has-post-thumbnail","6":"product_cat-flexnet-sistemi","7":"product_tag-flexnet-aksesuarlari","8":"product_tag-flexnet-aksesuarlari-fiyati","9":"product_tag-flexnet-aksesuarlari-fiyatlari","10":"product_tag-netafim-flexnet-aksesuarlari","11":"product_tag-netafim-flexnet-aksesuarlari-fiyati","13":"first","14":"instock","15":"shipping-taxable","16":"purchasable","17":"product-type-simple"},"aioseo_notices":[],"jetpack_publicize_connections":[],"jetpack_sharing_enabled":true,"_links":{"self":[{"href":"https:\/\/www.nmctarim.com\/index.php\/wp-json\/wp\/v2\/product\/238","targetHints":{"allow":["GET"]}}],"collection":[{"href":"https:\/\/www.nmctarim.com\/index.php\/wp-json\/wp\/v2\/product"}],"about":[{"href":"https:\/\/www.nmctarim.com\/index.php\/wp-json\/wp\/v2\/types\/product"}],"replies":[{"embeddable":true,"href":"https:\/\/www.nmctarim.com\/index.php\/wp-json\/wp\/v2\/comments?post=238"}],"wp:featuredmedia":[{"embeddable":true,"href":"https:\/\/www.nmctarim.com\/index.php\/wp-json\/wp\/v2\/media\/239"}],"wp:attachment":[{"href":"https:\/\/www.nmctarim.com\/index.php\/wp-json\/wp\/v2\/media?parent=238"}],"wp:term":[{"taxonomy":"product_brand","embeddable":true,"href":"https:\/\/www.nmctarim.com\/index.php\/wp-json\/wp\/v2\/product_brand?post=238"},{"taxonomy":"product_cat","embeddable":true,"href":"https:\/\/www.nmctarim.com\/index.php\/wp-json\/wp\/v2\/product_cat?post=238"},{"taxonomy":"product_tag","embeddable":true,"href":"https:\/\/www.nmctarim.com\/index.php\/wp-json\/wp\/v2\/product_tag?post=238"}],"curies":[{"name":"wp","href":"https:\/\/api.w.org\/{rel}","templated":true}]}}