{"id":230,"date":"2023-09-27T06:32:51","date_gmt":"2023-09-27T06:32:51","guid":{"rendered":"https:\/\/nmctarim.com\/?post_type=product&#038;p=230"},"modified":"2023-10-02T06:51:29","modified_gmt":"2023-10-02T06:51:29","slug":"netafim-flexnet-tm","status":"publish","type":"product","link":"https:\/\/www.nmctarim.com\/index.php\/product\/netafim-flexnet-tm\/","title":{"rendered":"NETAF\u0130M FLEXNET TM"},"content":{"rendered":"<p>NETAF\u0130M FLEXNET TM F\u0130YATLARI<\/p>\n<p><img data-recalc-dims=\"1\" loading=\"lazy\" decoding=\"async\" class=\" wp-image-232\" src=\"https:\/\/i0.wp.com\/nmctarim.com\/wp-content\/uploads\/2023\/09\/NETAFIM-FLEXNET-TM-FIYATLARI-300x297.png?resize=380%2C376&#038;ssl=1\" alt=\"NETAF\u0130M FLEXNET TM\" width=\"380\" height=\"376\" srcset=\"https:\/\/i0.wp.com\/www.nmctarim.com\/wp-content\/uploads\/2023\/09\/NETAFIM-FLEXNET-TM-FIYATLARI.png?resize=300%2C297&amp;ssl=1 300w, https:\/\/i0.wp.com\/www.nmctarim.com\/wp-content\/uploads\/2023\/09\/NETAFIM-FLEXNET-TM-FIYATLARI.png?resize=100%2C100&amp;ssl=1 100w, https:\/\/i0.wp.com\/www.nmctarim.com\/wp-content\/uploads\/2023\/09\/NETAFIM-FLEXNET-TM-FIYATLARI.png?w=540&amp;ssl=1 540w\" sizes=\"auto, (max-width: 380px) 100vw, 380px\" \/><\/p>\n","protected":false},"excerpt":{"rendered":"<p>NETAF\u0130M FLEXNET TM F\u0130YATLARI<br \/>\nFLEXNET\u2122 &#8211; GER\u00c7EKTEN g\u00fcvenebilece\u011finiz Portatif, s\u0131zd\u0131rmaz Tali Hat borusu<\/p>\n<p>&nbsp;<\/p>\n","protected":false},"featured_media":231,"comment_status":"open","ping_status":"closed","template":"","meta":{"om_disable_all_campaigns":false,"_monsterinsights_skip_tracking":false,"_monsterinsights_sitenote_active":false,"_monsterinsights_sitenote_note":"","_monsterinsights_sitenote_category":0,"jetpack_publicize_message":"","jetpack_publicize_feature_enabled":true,"jetpack_social_post_already_shared":false,"jetpack_social_options":{"image_generator_settings":{"template":"highway","default_image_id":0,"font":"","enabled":false},"version":2}},"product_brand":[],"product_cat":[90],"product_tag":[91,93,92,95,94],"class_list":{"0":"post-230","1":"product","2":"type-product","3":"status-publish","4":"has-post-thumbnail","6":"product_cat-flexnet-sistemi","7":"product_tag-flexnet","8":"product_tag-netafim-flex-net","9":"product_tag-netafim-flexnet","10":"product_tag-netafim-flexnet-fiyati","11":"product_tag-netafim-flexnet-fiyatlari","13":"first","14":"instock","15":"shipping-taxable","16":"purchasable","17":"product-type-simple"},"aioseo_notices":[],"jetpack_publicize_connections":[],"jetpack_sharing_enabled":true,"_links":{"self":[{"href":"https:\/\/www.nmctarim.com\/index.php\/wp-json\/wp\/v2\/product\/230","targetHints":{"allow":["GET"]}}],"collection":[{"href":"https:\/\/www.nmctarim.com\/index.php\/wp-json\/wp\/v2\/product"}],"about":[{"href":"https:\/\/www.nmctarim.com\/index.php\/wp-json\/wp\/v2\/types\/product"}],"replies":[{"embeddable":true,"href":"https:\/\/www.nmctarim.com\/index.php\/wp-json\/wp\/v2\/comments?post=230"}],"wp:featuredmedia":[{"embeddable":true,"href":"https:\/\/www.nmctarim.com\/index.php\/wp-json\/wp\/v2\/media\/231"}],"wp:attachment":[{"href":"https:\/\/www.nmctarim.com\/index.php\/wp-json\/wp\/v2\/media?parent=230"}],"wp:term":[{"taxonomy":"product_brand","embeddable":true,"href":"https:\/\/www.nmctarim.com\/index.php\/wp-json\/wp\/v2\/product_brand?post=230"},{"taxonomy":"product_cat","embeddable":true,"href":"https:\/\/www.nmctarim.com\/index.php\/wp-json\/wp\/v2\/product_cat?post=230"},{"taxonomy":"product_tag","embeddable":true,"href":"https:\/\/www.nmctarim.com\/index.php\/wp-json\/wp\/v2\/product_tag?post=230"}],"curies":[{"name":"wp","href":"https:\/\/api.w.org\/{rel}","templated":true}]}}