{"id":205,"date":"2023-09-27T04:34:23","date_gmt":"2023-09-27T04:34:23","guid":{"rendered":"https:\/\/nmctarim.com\/?post_type=product&#038;p=205"},"modified":"2026-03-24T11:26:26","modified_gmt":"2026-03-24T11:26:26","slug":"coolnet-pro-sisleme-takimi","status":"publish","type":"product","link":"https:\/\/www.nmctarim.com\/index.php\/product\/coolnet-pro-sisleme-takimi\/","title":{"rendered":"CoolNet Pro Sisleme Tak\u0131m\u0131"},"content":{"rendered":"<p>Netafim D\u00fc\u015f\u00fck Bas\u0131n\u00e7 \u0130le \u00c7al\u0131\u015fan CoolNet Pro Sisleme Tak\u0131m\u0131<\/p>\n","protected":false},"excerpt":{"rendered":"<p>Netafim D\u00fc\u015f\u00fck Bas\u0131n\u00e7 \u0130le \u00c7al\u0131\u015fan CoolNet Pro Sisleme Tak\u0131m\u0131<\/p>\n","protected":false},"featured_media":206,"comment_status":"open","ping_status":"closed","template":"","meta":{"om_disable_all_campaigns":false,"_monsterinsights_skip_tracking":false,"_monsterinsights_sitenote_active":false,"_monsterinsights_sitenote_note":"","_monsterinsights_sitenote_category":0,"jetpack_publicize_message":"","jetpack_publicize_feature_enabled":true,"jetpack_social_post_already_shared":false,"jetpack_social_options":{"image_generator_settings":{"template":"highway","default_image_id":0,"font":"","enabled":false},"version":2}},"product_brand":[],"product_cat":[77],"product_tag":[73,74,75,78,76],"class_list":{"0":"post-205","1":"product","2":"type-product","3":"status-publish","4":"has-post-thumbnail","6":"product_cat-dusuk-basinc-sisleme","7":"product_tag-coolnet","8":"product_tag-coolnet-pro","9":"product_tag-netafim-coolnet-pro","10":"product_tag-netafim-coolnet-pro-sisleme","11":"product_tag-netafim-sisleme","13":"first","14":"instock","15":"shipping-taxable","16":"purchasable","17":"product-type-simple"},"aioseo_notices":[],"jetpack_publicize_connections":[],"jetpack_sharing_enabled":true,"_links":{"self":[{"href":"https:\/\/www.nmctarim.com\/index.php\/wp-json\/wp\/v2\/product\/205","targetHints":{"allow":["GET"]}}],"collection":[{"href":"https:\/\/www.nmctarim.com\/index.php\/wp-json\/wp\/v2\/product"}],"about":[{"href":"https:\/\/www.nmctarim.com\/index.php\/wp-json\/wp\/v2\/types\/product"}],"replies":[{"embeddable":true,"href":"https:\/\/www.nmctarim.com\/index.php\/wp-json\/wp\/v2\/comments?post=205"}],"wp:featuredmedia":[{"embeddable":true,"href":"https:\/\/www.nmctarim.com\/index.php\/wp-json\/wp\/v2\/media\/206"}],"wp:attachment":[{"href":"https:\/\/www.nmctarim.com\/index.php\/wp-json\/wp\/v2\/media?parent=205"}],"wp:term":[{"taxonomy":"product_brand","embeddable":true,"href":"https:\/\/www.nmctarim.com\/index.php\/wp-json\/wp\/v2\/product_brand?post=205"},{"taxonomy":"product_cat","embeddable":true,"href":"https:\/\/www.nmctarim.com\/index.php\/wp-json\/wp\/v2\/product_cat?post=205"},{"taxonomy":"product_tag","embeddable":true,"href":"https:\/\/www.nmctarim.com\/index.php\/wp-json\/wp\/v2\/product_tag?post=205"}],"curies":[{"name":"wp","href":"https:\/\/api.w.org\/{rel}","templated":true}]}}