{"id":32,"date":"2018-10-22T14:42:22","date_gmt":"2018-10-22T11:42:22","guid":{"rendered":"http:\/\/demo.temavadisi.com\/vadimarket\/?page_id=32"},"modified":"2023-10-10T10:06:09","modified_gmt":"2023-10-10T10:06:09","slug":"iletisim","status":"publish","type":"page","link":"https:\/\/www.nmctarim.com\/index.php\/iletisim\/","title":{"rendered":"\u0130leti\u015fim"},"content":{"rendered":"\n<p>\u00d6zbekistan, Kazakistan, Tacikistan, K\u0131rg\u0131zistan, T\u00fcrkmenistan, Netafim Yetkili Sat\u0131\u015f ve Yetkili Servis Hizmetleri<\/p>\n","protected":false},"excerpt":{"rendered":"<p>\u00d6zbekistan, Kazakistan, Tacikistan, K\u0131rg\u0131zistan, T\u00fcrkmenistan, Netafim Yetkili Sat\u0131\u015f ve Yetkili Servis Hizmetleri<\/p>\n","protected":false},"author":1,"featured_media":0,"parent":0,"menu_order":0,"comment_status":"closed","ping_status":"closed","template":"page-iletisim.php","meta":{"om_disable_all_campaigns":false,"_monsterinsights_skip_tracking":false,"_monsterinsights_sitenote_active":false,"_monsterinsights_sitenote_note":"","_monsterinsights_sitenote_category":0,"footnotes":""},"class_list":["post-32","page","type-page","status-publish","hentry"],"aioseo_notices":[],"jetpack_sharing_enabled":true,"_links":{"self":[{"href":"https:\/\/www.nmctarim.com\/index.php\/wp-json\/wp\/v2\/pages\/32","targetHints":{"allow":["GET"]}}],"collection":[{"href":"https:\/\/www.nmctarim.com\/index.php\/wp-json\/wp\/v2\/pages"}],"about":[{"href":"https:\/\/www.nmctarim.com\/index.php\/wp-json\/wp\/v2\/types\/page"}],"author":[{"embeddable":true,"href":"https:\/\/www.nmctarim.com\/index.php\/wp-json\/wp\/v2\/users\/1"}],"replies":[{"embeddable":true,"href":"https:\/\/www.nmctarim.com\/index.php\/wp-json\/wp\/v2\/comments?post=32"}],"version-history":[{"count":2,"href":"https:\/\/www.nmctarim.com\/index.php\/wp-json\/wp\/v2\/pages\/32\/revisions"}],"predecessor-version":[{"id":491,"href":"https:\/\/www.nmctarim.com\/index.php\/wp-json\/wp\/v2\/pages\/32\/revisions\/491"}],"wp:attachment":[{"href":"https:\/\/www.nmctarim.com\/index.php\/wp-json\/wp\/v2\/media?parent=32"}],"curies":[{"name":"wp","href":"https:\/\/api.w.org\/{rel}","templated":true}]}}